{"id":69322,"date":"2022-11-02T13:34:10","date_gmt":"2022-11-02T12:34:10","guid":{"rendered":"https:\/\/rockersstore.de\/?page_id=69322"},"modified":"2022-11-02T16:48:57","modified_gmt":"2022-11-02T15:48:57","slug":"graffiti","status":"publish","type":"page","link":"https:\/\/staging.rockers.de\/en\/graffiti\/","title":{"rendered":"Graffiti"},"content":{"rendered":"<div class=\"wpb-content-wrapper\"><div class=\"vc_row wpb_row vc_row-fluid\"><div class=\"wpb_column vc_column_container vc_col-sm-8\"><div class=\"vc_column-inner\"><div class=\"wpb_wrapper\">\n\t<div class=\"wpb_text_column wpb_content_element\" >\n\t\t<div class=\"wpb_wrapper\">\n\t\t\t<h2>Rockers Records in Hannover-Linden carries a large selection of spray cans from MTN Montana Colors from Spain.<\/h2>\n<p>We offer the graffiti spray paints MTN 94 in matt in 216 colors and MTN Hardcore in 112 glossy color variations. We also have MTN Nitro 2G, MTN Mega, MTN Maxximo and a few more on offer, as well as special paints such as clear paint, chalk spray, primers and spray adhesive.<br \/>\nThe spray cans are not only suitable for aerosol art and graffiti, but can also be used on almost any surface. The quick-drying color spray provides excellent coverage, and the huge range of colors is sure to have exactly the color you need.<\/p>\n<p>In addition to the spray cans, we also have a large selection of caps for the MTN spray cans, as well as various graffiti markers and refill colors from the MTN brand.<\/p>\n<p>Visit us in Linden-Nord, our opening times are Mon \u2013 Fri: 11:00 a.m. \u2013 7:00 p.m. \/ Sat.: 11:00 a.m. \u2013 6:00 p.m.<\/p>\n\n\t\t<\/div>\n\t<\/div>\n\n\t<div  class=\"wpb_single_image wpb_content_element vc_align_left\">\n\t\t\n\t\t<figure class=\"wpb_wrapper vc_figure\">\n\t\t\t<div class=\"vc_single_image-wrapper   vc_box_border_grey\"><img loading=\"lazy\" decoding=\"async\" width=\"150\" height=\"150\" src=\"https:\/\/staging.rockers.de\/wp-content\/uploads\/2022\/11\/Graffiti-029-150x150.png\" class=\"vc_single_image-img attachment-thumbnail\" alt=\"\" title=\"Graffiti 029\" srcset=\"https:\/\/staging.rockers.de\/wp-content\/uploads\/2022\/11\/Graffiti-029-150x150.png 150w, https:\/\/staging.rockers.de\/wp-content\/uploads\/2022\/11\/Graffiti-029-300x300.png 300w, https:\/\/staging.rockers.de\/wp-content\/uploads\/2022\/11\/Graffiti-029.png 492w\" sizes=\"auto, (max-width: 150px) 100vw, 150px\" \/><\/div>\n\t\t<\/figure>\n\t<\/div>\n<\/div><\/div><\/div><div class=\"wpb_column vc_column_container vc_col-sm-4\"><div class=\"vc_column-inner\"><div class=\"wpb_wrapper\">\n\t<div  class=\"wpb_single_image wpb_content_element vc_align_left\">\n\t\t\n\t\t<figure class=\"wpb_wrapper vc_figure\">\n\t\t\t<div class=\"vc_single_image-wrapper   vc_box_border_grey\"><img loading=\"lazy\" decoding=\"async\" width=\"1100\" height=\"1650\" src=\"https:\/\/staging.rockers.de\/wp-content\/uploads\/2022\/11\/Graffiti-026.jpg\" class=\"vc_single_image-img attachment-full\" alt=\"\" title=\"Graffiti 026\" srcset=\"https:\/\/staging.rockers.de\/wp-content\/uploads\/2022\/11\/Graffiti-026.jpg 1100w, https:\/\/staging.rockers.de\/wp-content\/uploads\/2022\/11\/Graffiti-026-150x225.jpg 150w, https:\/\/staging.rockers.de\/wp-content\/uploads\/2022\/11\/Graffiti-026-600x900.jpg 600w, https:\/\/staging.rockers.de\/wp-content\/uploads\/2022\/11\/Graffiti-026-200x300.jpg 200w, https:\/\/staging.rockers.de\/wp-content\/uploads\/2022\/11\/Graffiti-026-683x1024.jpg 683w, https:\/\/staging.rockers.de\/wp-content\/uploads\/2022\/11\/Graffiti-026-768x1152.jpg 768w, https:\/\/staging.rockers.de\/wp-content\/uploads\/2022\/11\/Graffiti-026-1024x1536.jpg 1024w\" sizes=\"auto, (max-width: 1100px) 100vw, 1100px\" \/><\/div>\n\t\t<\/figure>\n\t<\/div>\n<\/div><\/div><\/div><\/div><div data-vc-full-width=\"true\" data-vc-full-width-temp=\"true\" data-vc-full-width-init=\"false\" class=\"vc_row wpb_row vc_row-fluid vc_custom_1667404075273 vc_row-has-fill vc_row-o-content-middle vc_row-flex wd-rs-6362910ee391b\"><div class=\"wpb_column vc_column_container vc_col-sm-12 vc_col-has-fill wd-rs-636290d22c12f\"><div class=\"vc_column-inner vc_custom_1667404044804\"><div class=\"wpb_wrapper\">\n<div class=\"vc_grid-container-wrapper vc_clearfix vc_grid-animation-zoomIn\">\n\t<div class=\"vc_grid-container vc_clearfix wpb_content_element vc_masonry_media_grid\" data-initial-loading-animation=\"zoomIn\" data-vc-grid-settings=\"{&quot;page_id&quot;:69322,&quot;style&quot;:&quot;lazy-masonry&quot;,&quot;action&quot;:&quot;vc_get_vc_grid_data&quot;,&quot;shortcode_id&quot;:&quot;1667404051108-46621857-66f5-1&quot;,&quot;items_per_page&quot;:&quot;6&quot;,&quot;tag&quot;:&quot;vc_masonry_media_grid&quot;}\" data-vc-request=\"https:\/\/staging.rockers.de\/wp-admin\/admin-ajax.php\" data-vc-post-id=\"69322\" data-vc-public-nonce=\"7156b23ba1\">\n\t\t\n\t<\/div>\n<\/div><\/div><\/div><\/div><\/div><div class=\"vc_row-full-width vc_clearfix\"><\/div>\n<\/div>","protected":false},"excerpt":{"rendered":"Rockers Records in Hannover-Linden f\u00fchrt eine gro\u00dfe Auswahl an Spr\u00fchdosen \/ Spray Cans von MTN Montana Colors aus Spanien. Wir","protected":false},"author":8,"featured_media":0,"parent":0,"menu_order":70,"comment_status":"closed","ping_status":"closed","template":"","meta":{"_acf_changed":false,"footnotes":""},"class_list":["post-69322","page","type-page","status-publish","hentry"],"acf":[],"yoast_head":"<!-- This site is optimized with the Yoast SEO plugin v27.0 - https:\/\/yoast.com\/product\/yoast-seo-wordpress\/ -->\n<title>Graffiti - [Staging] Rockers Records<\/title>\n<meta name=\"robots\" content=\"index, follow, max-snippet:-1, max-image-preview:large, max-video-preview:-1\" \/>\n<link rel=\"canonical\" href=\"https:\/\/staging.rockers.de\/en\/graffiti\/\" \/>\n<meta property=\"og:locale\" content=\"en_US\" \/>\n<meta property=\"og:type\" content=\"article\" \/>\n<meta property=\"og:title\" content=\"Graffiti - [Staging] Rockers Records\" \/>\n<meta property=\"og:url\" content=\"https:\/\/staging.rockers.de\/en\/graffiti\/\" \/>\n<meta property=\"og:site_name\" content=\"[Staging] Rockers Records\" \/>\n<meta property=\"article:modified_time\" content=\"2022-11-02T15:48:57+00:00\" \/>\n<meta name=\"twitter:card\" content=\"summary_large_image\" \/>\n<meta name=\"twitter:label1\" content=\"Est. reading time\" \/>\n\t<meta name=\"twitter:data1\" content=\"2 minutes\" \/>\n<script type=\"application\/ld+json\" class=\"yoast-schema-graph\">{\"@context\":\"https:\/\/schema.org\",\"@graph\":[{\"@type\":\"WebPage\",\"@id\":\"https:\/\/staging.rockers.de\/graffiti\/\",\"url\":\"https:\/\/staging.rockers.de\/graffiti\/\",\"name\":\"Graffiti - [Staging] Rockers Records\",\"isPartOf\":{\"@id\":\"https:\/\/staging.rockers.de\/#website\"},\"datePublished\":\"2022-11-02T12:34:10+00:00\",\"dateModified\":\"2022-11-02T15:48:57+00:00\",\"breadcrumb\":{\"@id\":\"https:\/\/staging.rockers.de\/graffiti\/#breadcrumb\"},\"inLanguage\":\"en-US\",\"potentialAction\":[{\"@type\":\"ReadAction\",\"target\":[\"https:\/\/staging.rockers.de\/graffiti\/\"]}]},{\"@type\":\"BreadcrumbList\",\"@id\":\"https:\/\/staging.rockers.de\/graffiti\/#breadcrumb\",\"itemListElement\":[{\"@type\":\"ListItem\",\"position\":1,\"name\":\"Startseite\",\"item\":\"https:\/\/staging.rockers.de\/\"},{\"@type\":\"ListItem\",\"position\":2,\"name\":\"Graffiti\"}]},{\"@type\":\"WebSite\",\"@id\":\"https:\/\/staging.rockers.de\/#website\",\"url\":\"https:\/\/staging.rockers.de\/\",\"name\":\"[Staging] Rockers Records\",\"description\":\"Dein Schallplatten Store in Hannover\",\"publisher\":{\"@id\":\"https:\/\/staging.rockers.de\/#organization\"},\"potentialAction\":[{\"@type\":\"SearchAction\",\"target\":{\"@type\":\"EntryPoint\",\"urlTemplate\":\"https:\/\/staging.rockers.de\/?s={search_term_string}\"},\"query-input\":{\"@type\":\"PropertyValueSpecification\",\"valueRequired\":true,\"valueName\":\"search_term_string\"}}],\"inLanguage\":\"en-US\"},{\"@type\":\"Organization\",\"@id\":\"https:\/\/staging.rockers.de\/#organization\",\"name\":\"[Staging] Rockers Records\",\"url\":\"https:\/\/staging.rockers.de\/\",\"logo\":{\"@type\":\"ImageObject\",\"inLanguage\":\"en-US\",\"@id\":\"https:\/\/staging.rockers.de\/#\/schema\/logo\/image\/\",\"url\":\"https:\/\/staging.rockers.de\/wp-content\/uploads\/2022\/07\/Neue-Website-2022.jpg\",\"contentUrl\":\"https:\/\/staging.rockers.de\/wp-content\/uploads\/2022\/07\/Neue-Website-2022.jpg\",\"width\":800,\"height\":800,\"caption\":\"[Staging] Rockers Records\"},\"image\":{\"@id\":\"https:\/\/staging.rockers.de\/#\/schema\/logo\/image\/\"}}]}<\/script>\n<!-- \/ Yoast SEO plugin. -->","yoast_head_json":{"title":"Graffiti - [Staging] Rockers Records","robots":{"index":"index","follow":"follow","max-snippet":"max-snippet:-1","max-image-preview":"max-image-preview:large","max-video-preview":"max-video-preview:-1"},"canonical":"https:\/\/staging.rockers.de\/en\/graffiti\/","og_locale":"en_US","og_type":"article","og_title":"Graffiti - [Staging] Rockers Records","og_url":"https:\/\/staging.rockers.de\/en\/graffiti\/","og_site_name":"[Staging] Rockers Records","article_modified_time":"2022-11-02T15:48:57+00:00","twitter_card":"summary_large_image","twitter_misc":{"Est. reading time":"2 minutes"},"schema":{"@context":"https:\/\/schema.org","@graph":[{"@type":"WebPage","@id":"https:\/\/staging.rockers.de\/graffiti\/","url":"https:\/\/staging.rockers.de\/graffiti\/","name":"Graffiti - [Staging] Rockers Records","isPartOf":{"@id":"https:\/\/staging.rockers.de\/#website"},"datePublished":"2022-11-02T12:34:10+00:00","dateModified":"2022-11-02T15:48:57+00:00","breadcrumb":{"@id":"https:\/\/staging.rockers.de\/graffiti\/#breadcrumb"},"inLanguage":"en-US","potentialAction":[{"@type":"ReadAction","target":["https:\/\/staging.rockers.de\/graffiti\/"]}]},{"@type":"BreadcrumbList","@id":"https:\/\/staging.rockers.de\/graffiti\/#breadcrumb","itemListElement":[{"@type":"ListItem","position":1,"name":"Startseite","item":"https:\/\/staging.rockers.de\/"},{"@type":"ListItem","position":2,"name":"Graffiti"}]},{"@type":"WebSite","@id":"https:\/\/staging.rockers.de\/#website","url":"https:\/\/staging.rockers.de\/","name":"[Staging] Rockers Records","description":"Your record store in Hanover","publisher":{"@id":"https:\/\/staging.rockers.de\/#organization"},"potentialAction":[{"@type":"SearchAction","target":{"@type":"EntryPoint","urlTemplate":"https:\/\/staging.rockers.de\/?s={search_term_string}"},"query-input":{"@type":"PropertyValueSpecification","valueRequired":true,"valueName":"search_term_string"}}],"inLanguage":"en-US"},{"@type":"Organization","@id":"https:\/\/staging.rockers.de\/#organization","name":"[Staging] Rockers Records","url":"https:\/\/staging.rockers.de\/","logo":{"@type":"ImageObject","inLanguage":"en-US","@id":"https:\/\/staging.rockers.de\/#\/schema\/logo\/image\/","url":"https:\/\/staging.rockers.de\/wp-content\/uploads\/2022\/07\/Neue-Website-2022.jpg","contentUrl":"https:\/\/staging.rockers.de\/wp-content\/uploads\/2022\/07\/Neue-Website-2022.jpg","width":800,"height":800,"caption":"[Staging] Rockers Records"},"image":{"@id":"https:\/\/staging.rockers.de\/#\/schema\/logo\/image\/"}}]}},"_links":{"self":[{"href":"https:\/\/staging.rockers.de\/en\/wp-json\/wp\/v2\/pages\/69322","targetHints":{"allow":["GET"]}}],"collection":[{"href":"https:\/\/staging.rockers.de\/en\/wp-json\/wp\/v2\/pages"}],"about":[{"href":"https:\/\/staging.rockers.de\/en\/wp-json\/wp\/v2\/types\/page"}],"author":[{"embeddable":true,"href":"https:\/\/staging.rockers.de\/en\/wp-json\/wp\/v2\/users\/8"}],"replies":[{"embeddable":true,"href":"https:\/\/staging.rockers.de\/en\/wp-json\/wp\/v2\/comments?post=69322"}],"version-history":[{"count":0,"href":"https:\/\/staging.rockers.de\/en\/wp-json\/wp\/v2\/pages\/69322\/revisions"}],"wp:attachment":[{"href":"https:\/\/staging.rockers.de\/en\/wp-json\/wp\/v2\/media?parent=69322"}],"curies":[{"name":"wp","href":"https:\/\/api.w.org\/{rel}","templated":true}]}}