{"id":148846,"date":"2025-01-09T11:33:17","date_gmt":"2025-01-09T10:33:17","guid":{"rendered":"https:\/\/staging.rockers.de\/?post_type=product&#038;p=148846"},"modified":"2025-01-17T13:18:26","modified_gmt":"2025-01-17T12:18:26","slug":"void-forum-turned-on-acid-lp-vinyl","status":"publish","type":"product","link":"https:\/\/staging.rockers.de\/en\/record\/void-forum-turned-on-acid-lp-vinyl\/","title":{"rendered":"Void Forum-Turned On Acid-LP Vinyl"},"content":{"rendered":"<p>500 copies on red vinyl.<\/p>","protected":false},"excerpt":{"rendered":"<p>Edition of 500 on red vinyl.<\/p>\n<p>(C) 2003 by Vibravoid<br \/>\n(P) 2003 by Moonhead Records<\/p>\n<p>A1 to A3 recorded at Potter&#8217;s Work Studio, 10.02. to 13.02.1994<br \/>\nB2 recorded at Purple Haze, D\u00fcsseldorf, 5.06.1994<br \/>\nB3 recorded at Rock Babylon, M\u00f6nchengladbach, 14.11.1996<br \/>\nA6, B1 &amp; B4 recorded at Consum, D\u00fcsseldorf, 17.12.1992<br \/>\nB5 recorded at MM (selfmade) Studio, 20.07.1993<br \/>\nB6 recorded at Das Kleine Analoge Studio D\u00fcsseldorf, 10.06.1997<br \/>\nA5 recorded in Christian&#8217;s living room, 8.07.1994<\/p>\n<p>All tracks except A1 to A3 restored from vintage cassette tapes.<\/p>\n<p>Actual songwriters per collection societies.<\/p>","protected":false},"featured_media":148849,"template":"","meta":{"_acf_changed":false},"product_brand":[],"product_cat":[150,229],"product_tag":[],"class_list":{"0":"post-148846","1":"product","2":"type-product","3":"status-publish","4":"has-post-thumbnail","6":"product_cat-alternative-rock","7":"product_cat-psychedelic","8":"pa_att_artist-void-forum","9":"pa_att_format-lp-vinyl","10":"pa_att_genre-alternative-rock","11":"pa_att_jahr-203","12":"pa_att_label-moonhead-records","13":"pa_att_land-germany","15":"first","16":"instock","17":"taxable","18":"shipping-taxable","19":"purchasable","20":"product-type-simple"},"acf":[],"yoast_head":"<!-- This site is optimized with the Yoast SEO plugin v27.0 - https:\/\/yoast.com\/product\/yoast-seo-wordpress\/ -->\n<title>Void Forum-Turned On Acid-LP Vinyl - [Staging] Rockers Records<\/title>\n<meta name=\"robots\" content=\"index, follow, max-snippet:-1, max-image-preview:large, max-video-preview:-1\" \/>\n<link rel=\"canonical\" href=\"https:\/\/staging.rockers.de\/en\/record\/void-forum-turned-on-acid-lp-vinyl\/\" \/>\n<meta property=\"og:locale\" content=\"en_US\" \/>\n<meta property=\"og:type\" content=\"article\" \/>\n<meta property=\"og:title\" content=\"Void Forum-Turned On Acid-LP Vinyl - [Staging] Rockers Records\" \/>\n<meta property=\"og:description\" content=\"Edition of 500 on red vinyl.  (C) 2003 by Vibravoid (P) 2003 by Moonhead Records  A1 to A3 recorded at Potter&#039;s Work Studio, 10.02. to 13.02.1994 B2 recorded at Purple Haze, D\u00fcsseldorf, 5.06.1994 B3 recorded at Rock Babylon, M\u00f6nchengladbach, 14.11.1996 A6, B1 &amp; B4 recorded at Consum, D\u00fcsseldorf, 17.12.1992 B5 recorded at MM (selfmade) Studio, 20.07.1993 B6 recorded at Das Kleine Analoge Studio D\u00fcsseldorf, 10.06.1997 A5 recorded in Christian&#039;s living room, 8.07.1994  All tracks except A1 to A3 restored from vintage cassette tapes.  Actual songwriters per collection societies.\" \/>\n<meta property=\"og:url\" content=\"https:\/\/staging.rockers.de\/en\/record\/void-forum-turned-on-acid-lp-vinyl\/\" \/>\n<meta property=\"og:site_name\" content=\"[Staging] Rockers Records\" \/>\n<meta property=\"article:modified_time\" content=\"2025-01-17T12:18:26+00:00\" \/>\n<meta property=\"og:image\" content=\"https:\/\/staging.rockers.de\/wp-content\/uploads\/2025\/01\/Void-Forum-Turned-On-Acid-LP-Vinyl-1.jpg\" \/>\n\t<meta property=\"og:image:width\" content=\"1800\" \/>\n\t<meta property=\"og:image:height\" content=\"1847\" \/>\n\t<meta property=\"og:image:type\" content=\"image\/jpeg\" \/>\n<meta name=\"twitter:card\" content=\"summary_large_image\" \/>\n<meta name=\"twitter:label1\" content=\"Est. reading time\" \/>\n\t<meta name=\"twitter:data1\" content=\"1 minute\" \/>\n<script type=\"application\/ld+json\" class=\"yoast-schema-graph\">{\"@context\":\"https:\/\/schema.org\",\"@graph\":[{\"@type\":\"WebPage\",\"@id\":\"https:\/\/staging.rockers.de\/record\/void-forum-turned-on-acid-lp-vinyl\/\",\"url\":\"https:\/\/staging.rockers.de\/record\/void-forum-turned-on-acid-lp-vinyl\/\",\"name\":\"Void Forum-Turned On Acid-LP Vinyl - [Staging] Rockers Records\",\"isPartOf\":{\"@id\":\"https:\/\/staging.rockers.de\/#website\"},\"primaryImageOfPage\":{\"@id\":\"https:\/\/staging.rockers.de\/record\/void-forum-turned-on-acid-lp-vinyl\/#primaryimage\"},\"image\":{\"@id\":\"https:\/\/staging.rockers.de\/record\/void-forum-turned-on-acid-lp-vinyl\/#primaryimage\"},\"thumbnailUrl\":\"https:\/\/staging.rockers.de\/wp-content\/uploads\/2025\/01\/Void-Forum-Turned-On-Acid-LP-Vinyl-1.jpg\",\"datePublished\":\"2025-01-09T10:33:17+00:00\",\"dateModified\":\"2025-01-17T12:18:26+00:00\",\"breadcrumb\":{\"@id\":\"https:\/\/staging.rockers.de\/record\/void-forum-turned-on-acid-lp-vinyl\/#breadcrumb\"},\"inLanguage\":\"en-US\",\"potentialAction\":[{\"@type\":\"ReadAction\",\"target\":[\"https:\/\/staging.rockers.de\/record\/void-forum-turned-on-acid-lp-vinyl\/\"]}]},{\"@type\":\"ImageObject\",\"inLanguage\":\"en-US\",\"@id\":\"https:\/\/staging.rockers.de\/record\/void-forum-turned-on-acid-lp-vinyl\/#primaryimage\",\"url\":\"https:\/\/staging.rockers.de\/wp-content\/uploads\/2025\/01\/Void-Forum-Turned-On-Acid-LP-Vinyl-1.jpg\",\"contentUrl\":\"https:\/\/staging.rockers.de\/wp-content\/uploads\/2025\/01\/Void-Forum-Turned-On-Acid-LP-Vinyl-1.jpg\",\"width\":1800,\"height\":1847,\"caption\":\"Void Forum-Turned On Acid-LP Vinyl\"},{\"@type\":\"BreadcrumbList\",\"@id\":\"https:\/\/staging.rockers.de\/record\/void-forum-turned-on-acid-lp-vinyl\/#breadcrumb\",\"itemListElement\":[{\"@type\":\"ListItem\",\"position\":1,\"name\":\"Startseite\",\"item\":\"https:\/\/staging.rockers.de\/\"},{\"@type\":\"ListItem\",\"position\":2,\"name\":\"Shop\",\"item\":\"https:\/\/staging.rockers.de\/shop\/\"},{\"@type\":\"ListItem\",\"position\":3,\"name\":\"Void Forum-Turned On Acid-LP Vinyl\"}]},{\"@type\":\"WebSite\",\"@id\":\"https:\/\/staging.rockers.de\/#website\",\"url\":\"https:\/\/staging.rockers.de\/\",\"name\":\"[Staging] Rockers Records\",\"description\":\"Dein Schallplatten Store in Hannover\",\"publisher\":{\"@id\":\"https:\/\/staging.rockers.de\/#organization\"},\"potentialAction\":[{\"@type\":\"SearchAction\",\"target\":{\"@type\":\"EntryPoint\",\"urlTemplate\":\"https:\/\/staging.rockers.de\/?s={search_term_string}\"},\"query-input\":{\"@type\":\"PropertyValueSpecification\",\"valueRequired\":true,\"valueName\":\"search_term_string\"}}],\"inLanguage\":\"en-US\"},{\"@type\":\"Organization\",\"@id\":\"https:\/\/staging.rockers.de\/#organization\",\"name\":\"[Staging] Rockers Records\",\"url\":\"https:\/\/staging.rockers.de\/\",\"logo\":{\"@type\":\"ImageObject\",\"inLanguage\":\"en-US\",\"@id\":\"https:\/\/staging.rockers.de\/#\/schema\/logo\/image\/\",\"url\":\"https:\/\/staging.rockers.de\/wp-content\/uploads\/2022\/07\/Neue-Website-2022.jpg\",\"contentUrl\":\"https:\/\/staging.rockers.de\/wp-content\/uploads\/2022\/07\/Neue-Website-2022.jpg\",\"width\":800,\"height\":800,\"caption\":\"[Staging] Rockers Records\"},\"image\":{\"@id\":\"https:\/\/staging.rockers.de\/#\/schema\/logo\/image\/\"}}]}<\/script>\n<!-- \/ Yoast SEO plugin. -->","yoast_head_json":{"title":"Void Forum-Turned On Acid-LP Vinyl - [Staging] Rockers Records","robots":{"index":"index","follow":"follow","max-snippet":"max-snippet:-1","max-image-preview":"max-image-preview:large","max-video-preview":"max-video-preview:-1"},"canonical":"https:\/\/staging.rockers.de\/en\/record\/void-forum-turned-on-acid-lp-vinyl\/","og_locale":"en_US","og_type":"article","og_title":"Void Forum-Turned On Acid-LP Vinyl - [Staging] Rockers Records","og_description":"Edition of 500 on red vinyl.  (C) 2003 by Vibravoid (P) 2003 by Moonhead Records  A1 to A3 recorded at Potter's Work Studio, 10.02. to 13.02.1994 B2 recorded at Purple Haze, D\u00fcsseldorf, 5.06.1994 B3 recorded at Rock Babylon, M\u00f6nchengladbach, 14.11.1996 A6, B1 &amp; B4 recorded at Consum, D\u00fcsseldorf, 17.12.1992 B5 recorded at MM (selfmade) Studio, 20.07.1993 B6 recorded at Das Kleine Analoge Studio D\u00fcsseldorf, 10.06.1997 A5 recorded in Christian's living room, 8.07.1994  All tracks except A1 to A3 restored from vintage cassette tapes.  Actual songwriters per collection societies.","og_url":"https:\/\/staging.rockers.de\/en\/record\/void-forum-turned-on-acid-lp-vinyl\/","og_site_name":"[Staging] Rockers Records","article_modified_time":"2025-01-17T12:18:26+00:00","og_image":[{"width":1800,"height":1847,"url":"https:\/\/staging.rockers.de\/wp-content\/uploads\/2025\/01\/Void-Forum-Turned-On-Acid-LP-Vinyl-1.jpg","type":"image\/jpeg"}],"twitter_card":"summary_large_image","twitter_misc":{"Est. reading time":"1 minute"},"schema":{"@context":"https:\/\/schema.org","@graph":[{"@type":"WebPage","@id":"https:\/\/staging.rockers.de\/record\/void-forum-turned-on-acid-lp-vinyl\/","url":"https:\/\/staging.rockers.de\/record\/void-forum-turned-on-acid-lp-vinyl\/","name":"Void Forum-Turned On Acid-LP Vinyl - [Staging] Rockers Records","isPartOf":{"@id":"https:\/\/staging.rockers.de\/#website"},"primaryImageOfPage":{"@id":"https:\/\/staging.rockers.de\/record\/void-forum-turned-on-acid-lp-vinyl\/#primaryimage"},"image":{"@id":"https:\/\/staging.rockers.de\/record\/void-forum-turned-on-acid-lp-vinyl\/#primaryimage"},"thumbnailUrl":"https:\/\/staging.rockers.de\/wp-content\/uploads\/2025\/01\/Void-Forum-Turned-On-Acid-LP-Vinyl-1.jpg","datePublished":"2025-01-09T10:33:17+00:00","dateModified":"2025-01-17T12:18:26+00:00","breadcrumb":{"@id":"https:\/\/staging.rockers.de\/record\/void-forum-turned-on-acid-lp-vinyl\/#breadcrumb"},"inLanguage":"en-US","potentialAction":[{"@type":"ReadAction","target":["https:\/\/staging.rockers.de\/record\/void-forum-turned-on-acid-lp-vinyl\/"]}]},{"@type":"ImageObject","inLanguage":"en-US","@id":"https:\/\/staging.rockers.de\/record\/void-forum-turned-on-acid-lp-vinyl\/#primaryimage","url":"https:\/\/staging.rockers.de\/wp-content\/uploads\/2025\/01\/Void-Forum-Turned-On-Acid-LP-Vinyl-1.jpg","contentUrl":"https:\/\/staging.rockers.de\/wp-content\/uploads\/2025\/01\/Void-Forum-Turned-On-Acid-LP-Vinyl-1.jpg","width":1800,"height":1847,"caption":"Void Forum-Turned On Acid-LP Vinyl"},{"@type":"BreadcrumbList","@id":"https:\/\/staging.rockers.de\/record\/void-forum-turned-on-acid-lp-vinyl\/#breadcrumb","itemListElement":[{"@type":"ListItem","position":1,"name":"Startseite","item":"https:\/\/staging.rockers.de\/"},{"@type":"ListItem","position":2,"name":"Shop","item":"https:\/\/staging.rockers.de\/shop\/"},{"@type":"ListItem","position":3,"name":"Void Forum-Turned On Acid-LP Vinyl"}]},{"@type":"WebSite","@id":"https:\/\/staging.rockers.de\/#website","url":"https:\/\/staging.rockers.de\/","name":"[Staging] Rockers Records","description":"Your record store in Hanover","publisher":{"@id":"https:\/\/staging.rockers.de\/#organization"},"potentialAction":[{"@type":"SearchAction","target":{"@type":"EntryPoint","urlTemplate":"https:\/\/staging.rockers.de\/?s={search_term_string}"},"query-input":{"@type":"PropertyValueSpecification","valueRequired":true,"valueName":"search_term_string"}}],"inLanguage":"en-US"},{"@type":"Organization","@id":"https:\/\/staging.rockers.de\/#organization","name":"[Staging] Rockers Records","url":"https:\/\/staging.rockers.de\/","logo":{"@type":"ImageObject","inLanguage":"en-US","@id":"https:\/\/staging.rockers.de\/#\/schema\/logo\/image\/","url":"https:\/\/staging.rockers.de\/wp-content\/uploads\/2022\/07\/Neue-Website-2022.jpg","contentUrl":"https:\/\/staging.rockers.de\/wp-content\/uploads\/2022\/07\/Neue-Website-2022.jpg","width":800,"height":800,"caption":"[Staging] Rockers Records"},"image":{"@id":"https:\/\/staging.rockers.de\/#\/schema\/logo\/image\/"}}]}},"_links":{"self":[{"href":"https:\/\/staging.rockers.de\/en\/wp-json\/wp\/v2\/product\/148846","targetHints":{"allow":["GET"]}}],"collection":[{"href":"https:\/\/staging.rockers.de\/en\/wp-json\/wp\/v2\/product"}],"about":[{"href":"https:\/\/staging.rockers.de\/en\/wp-json\/wp\/v2\/types\/product"}],"wp:featuredmedia":[{"embeddable":true,"href":"https:\/\/staging.rockers.de\/en\/wp-json\/wp\/v2\/media\/148849"}],"wp:attachment":[{"href":"https:\/\/staging.rockers.de\/en\/wp-json\/wp\/v2\/media?parent=148846"}],"wp:term":[{"taxonomy":"product_brand","embeddable":true,"href":"https:\/\/staging.rockers.de\/en\/wp-json\/wp\/v2\/product_brand?post=148846"},{"taxonomy":"product_cat","embeddable":true,"href":"https:\/\/staging.rockers.de\/en\/wp-json\/wp\/v2\/product_cat?post=148846"},{"taxonomy":"product_tag","embeddable":true,"href":"https:\/\/staging.rockers.de\/en\/wp-json\/wp\/v2\/product_tag?post=148846"}],"curies":[{"name":"wp","href":"https:\/\/api.w.org\/{rel}","templated":true}]}}