{"id":158743,"date":"2025-07-02T18:52:07","date_gmt":"2025-07-02T16:52:07","guid":{"rendered":"https:\/\/staging.rockers.de\/?post_type=product&#038;p=158743"},"modified":"2025-07-02T18:52:07","modified_gmt":"2025-07-02T16:52:07","slug":"1000-robota-3-3-lp-vinyl-deluxe","status":"publish","type":"product","link":"https:\/\/staging.rockers.de\/en\/record\/1000-robota-3-3-lp-vinyl-deluxe\/","title":{"rendered":"1000 Robota-3-3-LP Vinyl deluxe"},"content":{"rendered":"<p>Die Deluxe Vinyl ist limitiert auf 500 St\u00fcck, dar\u00fcber schreibt die Band: Jede Platte ist physisch per Hand und individuell von uns gestaltet worden. Kein Artwork sieht gleich aus. Durch Hei\u00dfluft werden handels\u00fcbliche Supermarktt\u00fcten um die LP-H\u00fclle geschmolzen. Es gibt kein grafisches Artwork, es ist physischer Natur und schafft sich seine ganz eigene Form. Dieser Prozess f\u00fchrt zu immer wieder neuen, unberechenbaren Oberfl\u00e4chen und Strukturen, zu einer zusammengeschmolzenen und \u00fcbersehenen Welt. Wahrscheinlich unserer Welt.<br \/>\n(https:\/\/www.tapeterecords.de\/artists\/1000-robota)<\/p>","protected":false},"excerpt":{"rendered":"<p>Die Deluxe Vinyl ist limitiert auf 500 St\u00fcck, dar\u00fcber schreibt die Band: Jede Platte ist physisch per Hand und individuell von uns gestaltet worden. Kein Artwork sieht gleich aus. Durch Hei\u00dfluft werden handels\u00fcbliche Supermarktt\u00fcten um die LP-H\u00fclle geschmolzen. Es gibt kein grafisches Artwork, es ist physischer Natur und schafft sich seine ganz eigene Form. Dieser Prozess f\u00fchrt zu immer wieder neuen, unberechenbaren Oberfl\u00e4chen und Strukturen, zu einer zusammengeschmolzenen und \u00fcbersehenen Welt. Wahrscheinlich unserer Welt.<br \/>\n(https:\/\/www.tapeterecords.de\/artists\/1000-robota)<\/p>","protected":false},"featured_media":158745,"template":"","meta":{"_acf_changed":false},"product_brand":[],"product_cat":[150],"product_tag":[],"class_list":{"0":"post-158743","1":"product","2":"type-product","3":"status-publish","4":"has-post-thumbnail","6":"product_cat-alternative-rock","7":"pa_att_artist-1000-robota","8":"pa_att_format-lp-vinyl","9":"pa_att_genre-alternative-rock","10":"pa_att_jahr-37","11":"pa_att_label-tapete-records","12":"pa_att_land-germany","14":"first","15":"instock","16":"taxable","17":"shipping-taxable","18":"purchasable","19":"product-type-simple"},"acf":[],"yoast_head":"<!-- This site is optimized with the Yoast SEO plugin v27.0 - https:\/\/yoast.com\/product\/yoast-seo-wordpress\/ -->\n<title>1000 Robota-3-3-LP Vinyl deluxe - [Staging] Rockers Records<\/title>\n<meta name=\"robots\" content=\"index, follow, max-snippet:-1, max-image-preview:large, max-video-preview:-1\" \/>\n<link rel=\"canonical\" href=\"https:\/\/staging.rockers.de\/en\/record\/1000-robota-3-3-lp-vinyl-deluxe\/\" \/>\n<meta property=\"og:locale\" content=\"en_US\" \/>\n<meta property=\"og:type\" content=\"article\" \/>\n<meta property=\"og:title\" content=\"1000 Robota-3-3-LP Vinyl deluxe - [Staging] Rockers Records\" \/>\n<meta property=\"og:description\" content=\"Die Deluxe Vinyl ist limitiert auf 500 St\u00fcck, dar\u00fcber schreibt die Band: Jede Platte ist physisch per Hand und individuell von uns gestaltet worden. Kein Artwork sieht gleich aus. Durch Hei\u00dfluft werden handels\u00fcbliche Supermarktt\u00fcten um die LP-H\u00fclle geschmolzen. Es gibt kein grafisches Artwork, es ist physischer Natur und schafft sich seine ganz eigene Form. Dieser Prozess f\u00fchrt zu immer wieder neuen, unberechenbaren Oberfl\u00e4chen und Strukturen, zu einer zusammengeschmolzenen und \u00fcbersehenen Welt. Wahrscheinlich unserer Welt. (https:\/\/www.tapeterecords.de\/artists\/1000-robota)\" \/>\n<meta property=\"og:url\" content=\"https:\/\/staging.rockers.de\/en\/record\/1000-robota-3-3-lp-vinyl-deluxe\/\" \/>\n<meta property=\"og:site_name\" content=\"[Staging] Rockers Records\" \/>\n<meta property=\"og:image\" content=\"https:\/\/staging.rockers.de\/wp-content\/uploads\/2025\/07\/1000-Robota-3-3-LP-Vinyl-deluxe-2.jpg\" \/>\n\t<meta property=\"og:image:width\" content=\"1800\" \/>\n\t<meta property=\"og:image:height\" content=\"1859\" \/>\n\t<meta property=\"og:image:type\" content=\"image\/jpeg\" \/>\n<meta name=\"twitter:card\" content=\"summary_large_image\" \/>\n<meta name=\"twitter:label1\" content=\"Est. reading time\" \/>\n\t<meta name=\"twitter:data1\" content=\"1 minute\" \/>\n<script type=\"application\/ld+json\" class=\"yoast-schema-graph\">{\"@context\":\"https:\/\/schema.org\",\"@graph\":[{\"@type\":\"WebPage\",\"@id\":\"https:\/\/staging.rockers.de\/record\/1000-robota-3-3-lp-vinyl-deluxe\/\",\"url\":\"https:\/\/staging.rockers.de\/record\/1000-robota-3-3-lp-vinyl-deluxe\/\",\"name\":\"1000 Robota-3-3-LP Vinyl deluxe - [Staging] Rockers Records\",\"isPartOf\":{\"@id\":\"https:\/\/staging.rockers.de\/#website\"},\"primaryImageOfPage\":{\"@id\":\"https:\/\/staging.rockers.de\/record\/1000-robota-3-3-lp-vinyl-deluxe\/#primaryimage\"},\"image\":{\"@id\":\"https:\/\/staging.rockers.de\/record\/1000-robota-3-3-lp-vinyl-deluxe\/#primaryimage\"},\"thumbnailUrl\":\"https:\/\/staging.rockers.de\/wp-content\/uploads\/2025\/07\/1000-Robota-3-3-LP-Vinyl-deluxe-2.jpg\",\"datePublished\":\"2025-07-02T16:52:07+00:00\",\"breadcrumb\":{\"@id\":\"https:\/\/staging.rockers.de\/record\/1000-robota-3-3-lp-vinyl-deluxe\/#breadcrumb\"},\"inLanguage\":\"en-US\",\"potentialAction\":[{\"@type\":\"ReadAction\",\"target\":[\"https:\/\/staging.rockers.de\/record\/1000-robota-3-3-lp-vinyl-deluxe\/\"]}]},{\"@type\":\"ImageObject\",\"inLanguage\":\"en-US\",\"@id\":\"https:\/\/staging.rockers.de\/record\/1000-robota-3-3-lp-vinyl-deluxe\/#primaryimage\",\"url\":\"https:\/\/staging.rockers.de\/wp-content\/uploads\/2025\/07\/1000-Robota-3-3-LP-Vinyl-deluxe-2.jpg\",\"contentUrl\":\"https:\/\/staging.rockers.de\/wp-content\/uploads\/2025\/07\/1000-Robota-3-3-LP-Vinyl-deluxe-2.jpg\",\"width\":1800,\"height\":1859,\"caption\":\"1000 Robota-3-3-LP Vinyl deluxe\"},{\"@type\":\"BreadcrumbList\",\"@id\":\"https:\/\/staging.rockers.de\/record\/1000-robota-3-3-lp-vinyl-deluxe\/#breadcrumb\",\"itemListElement\":[{\"@type\":\"ListItem\",\"position\":1,\"name\":\"Startseite\",\"item\":\"https:\/\/staging.rockers.de\/\"},{\"@type\":\"ListItem\",\"position\":2,\"name\":\"Shop\",\"item\":\"https:\/\/staging.rockers.de\/shop\/\"},{\"@type\":\"ListItem\",\"position\":3,\"name\":\"1000 Robota-3-3-LP Vinyl deluxe\"}]},{\"@type\":\"WebSite\",\"@id\":\"https:\/\/staging.rockers.de\/#website\",\"url\":\"https:\/\/staging.rockers.de\/\",\"name\":\"[Staging] Rockers Records\",\"description\":\"Dein Schallplatten Store in Hannover\",\"publisher\":{\"@id\":\"https:\/\/staging.rockers.de\/#organization\"},\"potentialAction\":[{\"@type\":\"SearchAction\",\"target\":{\"@type\":\"EntryPoint\",\"urlTemplate\":\"https:\/\/staging.rockers.de\/?s={search_term_string}\"},\"query-input\":{\"@type\":\"PropertyValueSpecification\",\"valueRequired\":true,\"valueName\":\"search_term_string\"}}],\"inLanguage\":\"en-US\"},{\"@type\":\"Organization\",\"@id\":\"https:\/\/staging.rockers.de\/#organization\",\"name\":\"[Staging] Rockers Records\",\"url\":\"https:\/\/staging.rockers.de\/\",\"logo\":{\"@type\":\"ImageObject\",\"inLanguage\":\"en-US\",\"@id\":\"https:\/\/staging.rockers.de\/#\/schema\/logo\/image\/\",\"url\":\"https:\/\/staging.rockers.de\/wp-content\/uploads\/2022\/07\/Neue-Website-2022.jpg\",\"contentUrl\":\"https:\/\/staging.rockers.de\/wp-content\/uploads\/2022\/07\/Neue-Website-2022.jpg\",\"width\":800,\"height\":800,\"caption\":\"[Staging] Rockers Records\"},\"image\":{\"@id\":\"https:\/\/staging.rockers.de\/#\/schema\/logo\/image\/\"}}]}<\/script>\n<!-- \/ Yoast SEO plugin. -->","yoast_head_json":{"title":"1000 Robota-3-3-LP Vinyl deluxe - [Staging] Rockers Records","robots":{"index":"index","follow":"follow","max-snippet":"max-snippet:-1","max-image-preview":"max-image-preview:large","max-video-preview":"max-video-preview:-1"},"canonical":"https:\/\/staging.rockers.de\/en\/record\/1000-robota-3-3-lp-vinyl-deluxe\/","og_locale":"en_US","og_type":"article","og_title":"1000 Robota-3-3-LP Vinyl deluxe - [Staging] Rockers Records","og_description":"Die Deluxe Vinyl ist limitiert auf 500 St\u00fcck, dar\u00fcber schreibt die Band: Jede Platte ist physisch per Hand und individuell von uns gestaltet worden. Kein Artwork sieht gleich aus. Durch Hei\u00dfluft werden handels\u00fcbliche Supermarktt\u00fcten um die LP-H\u00fclle geschmolzen. Es gibt kein grafisches Artwork, es ist physischer Natur und schafft sich seine ganz eigene Form. Dieser Prozess f\u00fchrt zu immer wieder neuen, unberechenbaren Oberfl\u00e4chen und Strukturen, zu einer zusammengeschmolzenen und \u00fcbersehenen Welt. Wahrscheinlich unserer Welt. (https:\/\/www.tapeterecords.de\/artists\/1000-robota)","og_url":"https:\/\/staging.rockers.de\/en\/record\/1000-robota-3-3-lp-vinyl-deluxe\/","og_site_name":"[Staging] Rockers Records","og_image":[{"width":1800,"height":1859,"url":"https:\/\/staging.rockers.de\/wp-content\/uploads\/2025\/07\/1000-Robota-3-3-LP-Vinyl-deluxe-2.jpg","type":"image\/jpeg"}],"twitter_card":"summary_large_image","twitter_misc":{"Est. reading time":"1 minute"},"schema":{"@context":"https:\/\/schema.org","@graph":[{"@type":"WebPage","@id":"https:\/\/staging.rockers.de\/record\/1000-robota-3-3-lp-vinyl-deluxe\/","url":"https:\/\/staging.rockers.de\/record\/1000-robota-3-3-lp-vinyl-deluxe\/","name":"1000 Robota-3-3-LP Vinyl deluxe - [Staging] Rockers Records","isPartOf":{"@id":"https:\/\/staging.rockers.de\/#website"},"primaryImageOfPage":{"@id":"https:\/\/staging.rockers.de\/record\/1000-robota-3-3-lp-vinyl-deluxe\/#primaryimage"},"image":{"@id":"https:\/\/staging.rockers.de\/record\/1000-robota-3-3-lp-vinyl-deluxe\/#primaryimage"},"thumbnailUrl":"https:\/\/staging.rockers.de\/wp-content\/uploads\/2025\/07\/1000-Robota-3-3-LP-Vinyl-deluxe-2.jpg","datePublished":"2025-07-02T16:52:07+00:00","breadcrumb":{"@id":"https:\/\/staging.rockers.de\/record\/1000-robota-3-3-lp-vinyl-deluxe\/#breadcrumb"},"inLanguage":"en-US","potentialAction":[{"@type":"ReadAction","target":["https:\/\/staging.rockers.de\/record\/1000-robota-3-3-lp-vinyl-deluxe\/"]}]},{"@type":"ImageObject","inLanguage":"en-US","@id":"https:\/\/staging.rockers.de\/record\/1000-robota-3-3-lp-vinyl-deluxe\/#primaryimage","url":"https:\/\/staging.rockers.de\/wp-content\/uploads\/2025\/07\/1000-Robota-3-3-LP-Vinyl-deluxe-2.jpg","contentUrl":"https:\/\/staging.rockers.de\/wp-content\/uploads\/2025\/07\/1000-Robota-3-3-LP-Vinyl-deluxe-2.jpg","width":1800,"height":1859,"caption":"1000 Robota-3-3-LP Vinyl deluxe"},{"@type":"BreadcrumbList","@id":"https:\/\/staging.rockers.de\/record\/1000-robota-3-3-lp-vinyl-deluxe\/#breadcrumb","itemListElement":[{"@type":"ListItem","position":1,"name":"Startseite","item":"https:\/\/staging.rockers.de\/"},{"@type":"ListItem","position":2,"name":"Shop","item":"https:\/\/staging.rockers.de\/shop\/"},{"@type":"ListItem","position":3,"name":"1000 Robota-3-3-LP Vinyl deluxe"}]},{"@type":"WebSite","@id":"https:\/\/staging.rockers.de\/#website","url":"https:\/\/staging.rockers.de\/","name":"[Staging] Rockers Records","description":"Your record store in Hanover","publisher":{"@id":"https:\/\/staging.rockers.de\/#organization"},"potentialAction":[{"@type":"SearchAction","target":{"@type":"EntryPoint","urlTemplate":"https:\/\/staging.rockers.de\/?s={search_term_string}"},"query-input":{"@type":"PropertyValueSpecification","valueRequired":true,"valueName":"search_term_string"}}],"inLanguage":"en-US"},{"@type":"Organization","@id":"https:\/\/staging.rockers.de\/#organization","name":"[Staging] Rockers Records","url":"https:\/\/staging.rockers.de\/","logo":{"@type":"ImageObject","inLanguage":"en-US","@id":"https:\/\/staging.rockers.de\/#\/schema\/logo\/image\/","url":"https:\/\/staging.rockers.de\/wp-content\/uploads\/2022\/07\/Neue-Website-2022.jpg","contentUrl":"https:\/\/staging.rockers.de\/wp-content\/uploads\/2022\/07\/Neue-Website-2022.jpg","width":800,"height":800,"caption":"[Staging] Rockers Records"},"image":{"@id":"https:\/\/staging.rockers.de\/#\/schema\/logo\/image\/"}}]}},"_links":{"self":[{"href":"https:\/\/staging.rockers.de\/en\/wp-json\/wp\/v2\/product\/158743","targetHints":{"allow":["GET"]}}],"collection":[{"href":"https:\/\/staging.rockers.de\/en\/wp-json\/wp\/v2\/product"}],"about":[{"href":"https:\/\/staging.rockers.de\/en\/wp-json\/wp\/v2\/types\/product"}],"wp:featuredmedia":[{"embeddable":true,"href":"https:\/\/staging.rockers.de\/en\/wp-json\/wp\/v2\/media\/158745"}],"wp:attachment":[{"href":"https:\/\/staging.rockers.de\/en\/wp-json\/wp\/v2\/media?parent=158743"}],"wp:term":[{"taxonomy":"product_brand","embeddable":true,"href":"https:\/\/staging.rockers.de\/en\/wp-json\/wp\/v2\/product_brand?post=158743"},{"taxonomy":"product_cat","embeddable":true,"href":"https:\/\/staging.rockers.de\/en\/wp-json\/wp\/v2\/product_cat?post=158743"},{"taxonomy":"product_tag","embeddable":true,"href":"https:\/\/staging.rockers.de\/en\/wp-json\/wp\/v2\/product_tag?post=158743"}],"curies":[{"name":"wp","href":"https:\/\/api.w.org\/{rel}","templated":true}]}}