{"id":167589,"date":"2025-10-09T12:28:14","date_gmt":"2025-10-09T10:28:14","guid":{"rendered":"https:\/\/staging.rockers.de\/?post_type=product&#038;p=167589"},"modified":"2025-10-09T12:28:14","modified_gmt":"2025-10-09T10:28:14","slug":"various-avandaro-festival-de-rock-and-ruedas-por-fin-32-anos-despues-cd","status":"publish","type":"product","link":"https:\/\/staging.rockers.de\/en\/record\/various-avandaro-festival-de-rock-and-ruedas-por-fin-32-anos-despues-cd\/","title":{"rendered":"Various-Av\u00e1ndaro Festival De Rock and Ruedas Por Fin&#8230; 32 A\u00f1os Despu\u00e9s-CD"},"content":{"rendered":"<p>Recorded live at the Avandaro Festival, september 11-12, 1971<\/p>","protected":false},"excerpt":{"rendered":"<p>Recorded live at the Avandaro Festival, september 11-12, 1971<\/p>","protected":false},"featured_media":167591,"template":"","meta":{"_acf_changed":false},"product_brand":[],"product_cat":[175],"product_tag":[],"class_list":{"0":"post-167589","1":"product","2":"type-product","3":"status-publish","4":"has-post-thumbnail","6":"product_cat-rock","7":"pa_att_artist-various","8":"pa_att_format-cd","9":"pa_att_genre-rock","10":"pa_att_jahr-203","11":"pa_att_label-ludell-records","12":"pa_att_land-mexico","14":"first","15":"instock","16":"taxable","17":"shipping-taxable","18":"purchasable","19":"product-type-simple"},"acf":[],"yoast_head":"<!-- This site is optimized with the Yoast SEO plugin v27.0 - https:\/\/yoast.com\/product\/yoast-seo-wordpress\/ -->\n<title>Various-Av\u00e1ndaro Festival De Rock and Ruedas Por Fin... 32 A\u00f1os Despu\u00e9s-CD - [Staging] Rockers Records<\/title>\n<meta name=\"robots\" content=\"index, follow, max-snippet:-1, max-image-preview:large, max-video-preview:-1\" \/>\n<link rel=\"canonical\" href=\"https:\/\/staging.rockers.de\/en\/record\/various-avandaro-festival-de-rock-and-ruedas-por-fin-32-anos-despues-cd\/\" \/>\n<meta property=\"og:locale\" content=\"en_US\" \/>\n<meta property=\"og:type\" content=\"article\" \/>\n<meta property=\"og:title\" content=\"Various-Av\u00e1ndaro Festival De Rock and Ruedas Por Fin... 32 A\u00f1os Despu\u00e9s-CD - [Staging] Rockers Records\" \/>\n<meta property=\"og:description\" content=\"Recorded live at the Avandaro Festival, september 11-12, 1971\" \/>\n<meta property=\"og:url\" content=\"https:\/\/staging.rockers.de\/en\/record\/various-avandaro-festival-de-rock-and-ruedas-por-fin-32-anos-despues-cd\/\" \/>\n<meta property=\"og:site_name\" content=\"[Staging] Rockers Records\" \/>\n<meta property=\"og:image\" content=\"https:\/\/staging.rockers.de\/wp-content\/uploads\/2025\/10\/Various-Avandaro-Festival-De-Rock-and-Ruedas-Por-Fin.-32-Anos-Despues-CD-1.jpg\" \/>\n\t<meta property=\"og:image:width\" content=\"854\" \/>\n\t<meta property=\"og:image:height\" content=\"741\" \/>\n\t<meta property=\"og:image:type\" content=\"image\/jpeg\" \/>\n<meta name=\"twitter:card\" content=\"summary_large_image\" \/>\n<meta name=\"twitter:label1\" content=\"Est. reading time\" \/>\n\t<meta name=\"twitter:data1\" content=\"1 minute\" \/>\n<script type=\"application\/ld+json\" class=\"yoast-schema-graph\">{\"@context\":\"https:\/\/schema.org\",\"@graph\":[{\"@type\":\"WebPage\",\"@id\":\"https:\/\/staging.rockers.de\/record\/various-avandaro-festival-de-rock-and-ruedas-por-fin-32-anos-despues-cd\/\",\"url\":\"https:\/\/staging.rockers.de\/record\/various-avandaro-festival-de-rock-and-ruedas-por-fin-32-anos-despues-cd\/\",\"name\":\"Various-Av\u00e1ndaro Festival De Rock and Ruedas Por Fin... 32 A\u00f1os Despu\u00e9s-CD - [Staging] Rockers Records\",\"isPartOf\":{\"@id\":\"https:\/\/staging.rockers.de\/#website\"},\"primaryImageOfPage\":{\"@id\":\"https:\/\/staging.rockers.de\/record\/various-avandaro-festival-de-rock-and-ruedas-por-fin-32-anos-despues-cd\/#primaryimage\"},\"image\":{\"@id\":\"https:\/\/staging.rockers.de\/record\/various-avandaro-festival-de-rock-and-ruedas-por-fin-32-anos-despues-cd\/#primaryimage\"},\"thumbnailUrl\":\"https:\/\/staging.rockers.de\/wp-content\/uploads\/2025\/10\/Various-Avandaro-Festival-De-Rock-and-Ruedas-Por-Fin.-32-Anos-Despues-CD-1.jpg\",\"datePublished\":\"2025-10-09T10:28:14+00:00\",\"breadcrumb\":{\"@id\":\"https:\/\/staging.rockers.de\/record\/various-avandaro-festival-de-rock-and-ruedas-por-fin-32-anos-despues-cd\/#breadcrumb\"},\"inLanguage\":\"en-US\",\"potentialAction\":[{\"@type\":\"ReadAction\",\"target\":[\"https:\/\/staging.rockers.de\/record\/various-avandaro-festival-de-rock-and-ruedas-por-fin-32-anos-despues-cd\/\"]}]},{\"@type\":\"ImageObject\",\"inLanguage\":\"en-US\",\"@id\":\"https:\/\/staging.rockers.de\/record\/various-avandaro-festival-de-rock-and-ruedas-por-fin-32-anos-despues-cd\/#primaryimage\",\"url\":\"https:\/\/staging.rockers.de\/wp-content\/uploads\/2025\/10\/Various-Avandaro-Festival-De-Rock-and-Ruedas-Por-Fin.-32-Anos-Despues-CD-1.jpg\",\"contentUrl\":\"https:\/\/staging.rockers.de\/wp-content\/uploads\/2025\/10\/Various-Avandaro-Festival-De-Rock-and-Ruedas-Por-Fin.-32-Anos-Despues-CD-1.jpg\",\"width\":854,\"height\":741,\"caption\":\"Various-Av\u00e1ndaro Festival De Rock and Ruedas Por Fin... 32 A\u00f1os Despu\u00e9s-CD\"},{\"@type\":\"BreadcrumbList\",\"@id\":\"https:\/\/staging.rockers.de\/record\/various-avandaro-festival-de-rock-and-ruedas-por-fin-32-anos-despues-cd\/#breadcrumb\",\"itemListElement\":[{\"@type\":\"ListItem\",\"position\":1,\"name\":\"Startseite\",\"item\":\"https:\/\/staging.rockers.de\/\"},{\"@type\":\"ListItem\",\"position\":2,\"name\":\"Shop\",\"item\":\"https:\/\/staging.rockers.de\/shop\/\"},{\"@type\":\"ListItem\",\"position\":3,\"name\":\"Various-Av\u00e1ndaro Festival De Rock and Ruedas Por Fin&#8230; 32 A\u00f1os Despu\u00e9s-CD\"}]},{\"@type\":\"WebSite\",\"@id\":\"https:\/\/staging.rockers.de\/#website\",\"url\":\"https:\/\/staging.rockers.de\/\",\"name\":\"[Staging] Rockers Records\",\"description\":\"Dein Schallplatten Store in Hannover\",\"publisher\":{\"@id\":\"https:\/\/staging.rockers.de\/#organization\"},\"potentialAction\":[{\"@type\":\"SearchAction\",\"target\":{\"@type\":\"EntryPoint\",\"urlTemplate\":\"https:\/\/staging.rockers.de\/?s={search_term_string}\"},\"query-input\":{\"@type\":\"PropertyValueSpecification\",\"valueRequired\":true,\"valueName\":\"search_term_string\"}}],\"inLanguage\":\"en-US\"},{\"@type\":\"Organization\",\"@id\":\"https:\/\/staging.rockers.de\/#organization\",\"name\":\"[Staging] Rockers Records\",\"url\":\"https:\/\/staging.rockers.de\/\",\"logo\":{\"@type\":\"ImageObject\",\"inLanguage\":\"en-US\",\"@id\":\"https:\/\/staging.rockers.de\/#\/schema\/logo\/image\/\",\"url\":\"https:\/\/staging.rockers.de\/wp-content\/uploads\/2022\/07\/Neue-Website-2022.jpg\",\"contentUrl\":\"https:\/\/staging.rockers.de\/wp-content\/uploads\/2022\/07\/Neue-Website-2022.jpg\",\"width\":800,\"height\":800,\"caption\":\"[Staging] Rockers Records\"},\"image\":{\"@id\":\"https:\/\/staging.rockers.de\/#\/schema\/logo\/image\/\"}}]}<\/script>\n<!-- \/ Yoast SEO plugin. -->","yoast_head_json":{"title":"Various-Av\u00e1ndaro Festival De Rock and Ruedas Por Fin... 32 A\u00f1os Despu\u00e9s-CD - [Staging] Rockers Records","robots":{"index":"index","follow":"follow","max-snippet":"max-snippet:-1","max-image-preview":"max-image-preview:large","max-video-preview":"max-video-preview:-1"},"canonical":"https:\/\/staging.rockers.de\/en\/record\/various-avandaro-festival-de-rock-and-ruedas-por-fin-32-anos-despues-cd\/","og_locale":"en_US","og_type":"article","og_title":"Various-Av\u00e1ndaro Festival De Rock and Ruedas Por Fin... 32 A\u00f1os Despu\u00e9s-CD - [Staging] Rockers Records","og_description":"Recorded live at the Avandaro Festival, september 11-12, 1971","og_url":"https:\/\/staging.rockers.de\/en\/record\/various-avandaro-festival-de-rock-and-ruedas-por-fin-32-anos-despues-cd\/","og_site_name":"[Staging] Rockers Records","og_image":[{"width":854,"height":741,"url":"https:\/\/staging.rockers.de\/wp-content\/uploads\/2025\/10\/Various-Avandaro-Festival-De-Rock-and-Ruedas-Por-Fin.-32-Anos-Despues-CD-1.jpg","type":"image\/jpeg"}],"twitter_card":"summary_large_image","twitter_misc":{"Est. reading time":"1 minute"},"schema":{"@context":"https:\/\/schema.org","@graph":[{"@type":"WebPage","@id":"https:\/\/staging.rockers.de\/record\/various-avandaro-festival-de-rock-and-ruedas-por-fin-32-anos-despues-cd\/","url":"https:\/\/staging.rockers.de\/record\/various-avandaro-festival-de-rock-and-ruedas-por-fin-32-anos-despues-cd\/","name":"Various-Av\u00e1ndaro Festival De Rock and Ruedas Por Fin... 32 A\u00f1os Despu\u00e9s-CD - [Staging] Rockers Records","isPartOf":{"@id":"https:\/\/staging.rockers.de\/#website"},"primaryImageOfPage":{"@id":"https:\/\/staging.rockers.de\/record\/various-avandaro-festival-de-rock-and-ruedas-por-fin-32-anos-despues-cd\/#primaryimage"},"image":{"@id":"https:\/\/staging.rockers.de\/record\/various-avandaro-festival-de-rock-and-ruedas-por-fin-32-anos-despues-cd\/#primaryimage"},"thumbnailUrl":"https:\/\/staging.rockers.de\/wp-content\/uploads\/2025\/10\/Various-Avandaro-Festival-De-Rock-and-Ruedas-Por-Fin.-32-Anos-Despues-CD-1.jpg","datePublished":"2025-10-09T10:28:14+00:00","breadcrumb":{"@id":"https:\/\/staging.rockers.de\/record\/various-avandaro-festival-de-rock-and-ruedas-por-fin-32-anos-despues-cd\/#breadcrumb"},"inLanguage":"en-US","potentialAction":[{"@type":"ReadAction","target":["https:\/\/staging.rockers.de\/record\/various-avandaro-festival-de-rock-and-ruedas-por-fin-32-anos-despues-cd\/"]}]},{"@type":"ImageObject","inLanguage":"en-US","@id":"https:\/\/staging.rockers.de\/record\/various-avandaro-festival-de-rock-and-ruedas-por-fin-32-anos-despues-cd\/#primaryimage","url":"https:\/\/staging.rockers.de\/wp-content\/uploads\/2025\/10\/Various-Avandaro-Festival-De-Rock-and-Ruedas-Por-Fin.-32-Anos-Despues-CD-1.jpg","contentUrl":"https:\/\/staging.rockers.de\/wp-content\/uploads\/2025\/10\/Various-Avandaro-Festival-De-Rock-and-Ruedas-Por-Fin.-32-Anos-Despues-CD-1.jpg","width":854,"height":741,"caption":"Various-Av\u00e1ndaro Festival De Rock and Ruedas Por Fin... 32 A\u00f1os Despu\u00e9s-CD"},{"@type":"BreadcrumbList","@id":"https:\/\/staging.rockers.de\/record\/various-avandaro-festival-de-rock-and-ruedas-por-fin-32-anos-despues-cd\/#breadcrumb","itemListElement":[{"@type":"ListItem","position":1,"name":"Startseite","item":"https:\/\/staging.rockers.de\/"},{"@type":"ListItem","position":2,"name":"Shop","item":"https:\/\/staging.rockers.de\/shop\/"},{"@type":"ListItem","position":3,"name":"Various-Av\u00e1ndaro Festival De Rock and Ruedas Por Fin&#8230; 32 A\u00f1os Despu\u00e9s-CD"}]},{"@type":"WebSite","@id":"https:\/\/staging.rockers.de\/#website","url":"https:\/\/staging.rockers.de\/","name":"[Staging] Rockers Records","description":"Your record store in Hanover","publisher":{"@id":"https:\/\/staging.rockers.de\/#organization"},"potentialAction":[{"@type":"SearchAction","target":{"@type":"EntryPoint","urlTemplate":"https:\/\/staging.rockers.de\/?s={search_term_string}"},"query-input":{"@type":"PropertyValueSpecification","valueRequired":true,"valueName":"search_term_string"}}],"inLanguage":"en-US"},{"@type":"Organization","@id":"https:\/\/staging.rockers.de\/#organization","name":"[Staging] Rockers Records","url":"https:\/\/staging.rockers.de\/","logo":{"@type":"ImageObject","inLanguage":"en-US","@id":"https:\/\/staging.rockers.de\/#\/schema\/logo\/image\/","url":"https:\/\/staging.rockers.de\/wp-content\/uploads\/2022\/07\/Neue-Website-2022.jpg","contentUrl":"https:\/\/staging.rockers.de\/wp-content\/uploads\/2022\/07\/Neue-Website-2022.jpg","width":800,"height":800,"caption":"[Staging] Rockers Records"},"image":{"@id":"https:\/\/staging.rockers.de\/#\/schema\/logo\/image\/"}}]}},"_links":{"self":[{"href":"https:\/\/staging.rockers.de\/en\/wp-json\/wp\/v2\/product\/167589","targetHints":{"allow":["GET"]}}],"collection":[{"href":"https:\/\/staging.rockers.de\/en\/wp-json\/wp\/v2\/product"}],"about":[{"href":"https:\/\/staging.rockers.de\/en\/wp-json\/wp\/v2\/types\/product"}],"wp:featuredmedia":[{"embeddable":true,"href":"https:\/\/staging.rockers.de\/en\/wp-json\/wp\/v2\/media\/167591"}],"wp:attachment":[{"href":"https:\/\/staging.rockers.de\/en\/wp-json\/wp\/v2\/media?parent=167589"}],"wp:term":[{"taxonomy":"product_brand","embeddable":true,"href":"https:\/\/staging.rockers.de\/en\/wp-json\/wp\/v2\/product_brand?post=167589"},{"taxonomy":"product_cat","embeddable":true,"href":"https:\/\/staging.rockers.de\/en\/wp-json\/wp\/v2\/product_cat?post=167589"},{"taxonomy":"product_tag","embeddable":true,"href":"https:\/\/staging.rockers.de\/en\/wp-json\/wp\/v2\/product_tag?post=167589"}],"curies":[{"name":"wp","href":"https:\/\/api.w.org\/{rel}","templated":true}]}}