{"id":175560,"date":"2026-01-23T16:21:43","date_gmt":"2026-01-23T15:21:43","guid":{"rendered":"https:\/\/staging.rockers.de\/?post_type=product&#038;p=175560"},"modified":"2026-02-19T16:05:33","modified_gmt":"2026-02-19T15:05:33","slug":"bryce-dessner-the-national-alejandro-gonzalez-inarritu-bardo-false-chronicle-of-a-handful-of-truths-soundtrack-from-the-netflix-film-lp-vinyl","status":"publish","type":"product","link":"https:\/\/staging.rockers.de\/en\/record\/bryce-dessner-the-national-alejandro-gonzalez-inarritu-bardo-false-chronicle-of-a-handful-of-truths-soundtrack-from-the-netflix-film-lp-vinyl\/","title":{"rendered":"Bryce Dessner The National Alejandro Gonz\u00e1lez I\u00f1\u00e1rritu &#8211; Bardo &#8211; False Chronicle Of A Handful Of Truths &#8211; Soundtrack From The Netflix Film-LP Vinyl"},"content":{"rendered":"<p>Music On Vinyl Deluxe Limited Edition 2-LP soundtrack for [a1093089]&#8217;s &#8222;Bardo, falsa cr\u00f3nica de unas cuantas verdades&#8220;, limited to 750 individually numbered copies.<\/p>\n<p>Disc one pressed on Cactus Green vinyl (marketed as simply &#8222;Green&#8220;). Disc two pressed on White vinyl. Each disc comes inside a die-cut printed sleeve with a behind-the-scenes photo on the corner of one side, and production notes and credits on the back.<\/p>\n<p>Gatefold cover housed in a PVC sleeve with hype sticker and a Music On Vinyl sticker seal.<\/p>\n<p>[url=https:\/\/www.discogs.com\/release\/27900774-Bryce-Dessner-Alejandro-Gonz\u00e1lez-I\u00f1\u00e1rritu-Bardo-Soundtrack-From-The-Netflix-Film]A variant limited to 250 copies was also released[\/url], featuring Red vinyl instead of Green.<\/p>\n","protected":false},"excerpt":{"rendered":"<p>Music On Vinyl Deluxe Limited Edition 2-LP soundtrack for [a1093089]&#8217;s &#8222;Bardo, falsa cr\u00f3nica de unas cuantas verdades&#8220;, limited to 750 individually numbered copies.<\/p>\n<p>Disc one pressed on Cactus Green vinyl (marketed as simply &#8222;Green&#8220;). Disc two pressed on White vinyl. Each disc comes inside a die-cut printed sleeve with a behind-the-scenes photo on the corner of one side, and production notes and credits on the back.<\/p>\n<p>Gatefold cover housed in a PVC sleeve with hype sticker and a Music On Vinyl sticker seal.<\/p>\n<p>[url=https:\/\/www.discogs.com\/release\/27900774-Bryce-Dessner-Alejandro-Gonz\u00e1lez-I\u00f1\u00e1rritu-Bardo-Soundtrack-From-The-Netflix-Film]A variant limited to 250 copies was also released[\/url], featuring Red vinyl instead of Green.<\/p>\n","protected":false},"featured_media":175563,"template":"","meta":{"_acf_changed":false},"product_brand":[],"product_cat":[150,175,563],"product_tag":[],"class_list":{"0":"post-175560","1":"product","2":"type-product","3":"status-publish","4":"has-post-thumbnail","6":"product_cat-alternative-rock","7":"product_cat-rock","8":"product_cat-soundtracks","9":"pa_att_artist-alejandro-gonzalez-inarritu","10":"pa_att_artist-bryce-dessner","11":"pa_att_format-lp-vinyl","12":"pa_att_genre-alternative-rock","13":"pa_att_jahr-18232","14":"pa_att_label-milan","15":"pa_att_label-music-on-vinyl","16":"pa_att_label-netflix","17":"pa_att_land-europe","19":"first","20":"instock","21":"taxable","22":"shipping-taxable","23":"purchasable","24":"product-type-simple"},"acf":[],"yoast_head":"<!-- This site is optimized with the Yoast SEO plugin v27.0 - https:\/\/yoast.com\/product\/yoast-seo-wordpress\/ -->\n<title>Bryce Dessner The National Alejandro Gonz\u00e1lez I\u00f1\u00e1rritu - Bardo - False Chronicle Of A Handful Of Truths - Soundtrack From The Netflix Film-LP Vinyl - [Staging] Rockers Records<\/title>\n<meta name=\"robots\" content=\"index, follow, max-snippet:-1, max-image-preview:large, max-video-preview:-1\" \/>\n<link rel=\"canonical\" href=\"https:\/\/staging.rockers.de\/en\/record\/bryce-dessner-the-national-alejandro-gonzalez-inarritu-bardo-false-chronicle-of-a-handful-of-truths-soundtrack-from-the-netflix-film-lp-vinyl\/\" \/>\n<meta property=\"og:locale\" content=\"en_US\" \/>\n<meta property=\"og:type\" content=\"article\" \/>\n<meta property=\"og:title\" content=\"Bryce Dessner The National Alejandro Gonz\u00e1lez I\u00f1\u00e1rritu - Bardo - False Chronicle Of A Handful Of Truths - Soundtrack From The Netflix Film-LP Vinyl - [Staging] Rockers Records\" \/>\n<meta property=\"og:description\" content=\"Music On Vinyl Deluxe Limited Edition 2-LP soundtrack for [a1093089]&#039;s &quot;Bardo, falsa cr\u00f3nica de unas cuantas verdades&quot;, limited to 750 individually numbered copies.  Disc one pressed on Cactus Green vinyl (marketed as simply &quot;Green&quot;). Disc two pressed on White vinyl. Each disc comes inside a die-cut printed sleeve with a behind-the-scenes photo on the corner of one side, and production notes and credits on the back.  Gatefold cover housed in a PVC sleeve with hype sticker and a Music On Vinyl sticker seal.  [url=https:\/\/www.discogs.com\/release\/27900774-Bryce-Dessner-Alejandro-Gonz\u00e1lez-I\u00f1\u00e1rritu-Bardo-Soundtrack-From-The-Netflix-Film]A variant limited to 250 copies was also released[\/url], featuring Red vinyl instead of Green.\" \/>\n<meta property=\"og:url\" content=\"https:\/\/staging.rockers.de\/en\/record\/bryce-dessner-the-national-alejandro-gonzalez-inarritu-bardo-false-chronicle-of-a-handful-of-truths-soundtrack-from-the-netflix-film-lp-vinyl\/\" \/>\n<meta property=\"og:site_name\" content=\"[Staging] Rockers Records\" \/>\n<meta property=\"article:modified_time\" content=\"2026-02-19T15:05:33+00:00\" \/>\n<meta property=\"og:image\" content=\"https:\/\/staging.rockers.de\/wp-content\/uploads\/2026\/01\/Bryce-Dessner-The-National-Alejandro-Gonzalez-Inarritu-Bardo-False-Chronicle-Of-A-Handful-Of-Truths-Soundtrack-From-The-Netflix-Film-LP-Vinyl-1.jpg\" \/>\n\t<meta property=\"og:image:width\" content=\"1800\" \/>\n\t<meta property=\"og:image:height\" content=\"1859\" \/>\n\t<meta property=\"og:image:type\" content=\"image\/jpeg\" \/>\n<meta name=\"twitter:card\" content=\"summary_large_image\" \/>\n<meta name=\"twitter:label1\" content=\"Est. reading time\" \/>\n\t<meta name=\"twitter:data1\" content=\"1 minute\" \/>\n<script type=\"application\/ld+json\" class=\"yoast-schema-graph\">{\"@context\":\"https:\/\/schema.org\",\"@graph\":[{\"@type\":\"WebPage\",\"@id\":\"https:\/\/staging.rockers.de\/record\/bryce-dessner-the-national-alejandro-gonzalez-inarritu-bardo-false-chronicle-of-a-handful-of-truths-soundtrack-from-the-netflix-film-lp-vinyl\/\",\"url\":\"https:\/\/staging.rockers.de\/record\/bryce-dessner-the-national-alejandro-gonzalez-inarritu-bardo-false-chronicle-of-a-handful-of-truths-soundtrack-from-the-netflix-film-lp-vinyl\/\",\"name\":\"Bryce Dessner The National Alejandro Gonz\u00e1lez I\u00f1\u00e1rritu - Bardo - False Chronicle Of A Handful Of Truths - Soundtrack From The Netflix Film-LP Vinyl - [Staging] Rockers Records\",\"isPartOf\":{\"@id\":\"https:\/\/staging.rockers.de\/#website\"},\"primaryImageOfPage\":{\"@id\":\"https:\/\/staging.rockers.de\/record\/bryce-dessner-the-national-alejandro-gonzalez-inarritu-bardo-false-chronicle-of-a-handful-of-truths-soundtrack-from-the-netflix-film-lp-vinyl\/#primaryimage\"},\"image\":{\"@id\":\"https:\/\/staging.rockers.de\/record\/bryce-dessner-the-national-alejandro-gonzalez-inarritu-bardo-false-chronicle-of-a-handful-of-truths-soundtrack-from-the-netflix-film-lp-vinyl\/#primaryimage\"},\"thumbnailUrl\":\"https:\/\/staging.rockers.de\/wp-content\/uploads\/2026\/01\/Bryce-Dessner-The-National-Alejandro-Gonzalez-Inarritu-Bardo-False-Chronicle-Of-A-Handful-Of-Truths-Soundtrack-From-The-Netflix-Film-LP-Vinyl-1.jpg\",\"datePublished\":\"2026-01-23T15:21:43+00:00\",\"dateModified\":\"2026-02-19T15:05:33+00:00\",\"breadcrumb\":{\"@id\":\"https:\/\/staging.rockers.de\/record\/bryce-dessner-the-national-alejandro-gonzalez-inarritu-bardo-false-chronicle-of-a-handful-of-truths-soundtrack-from-the-netflix-film-lp-vinyl\/#breadcrumb\"},\"inLanguage\":\"en-US\",\"potentialAction\":[{\"@type\":\"ReadAction\",\"target\":[\"https:\/\/staging.rockers.de\/record\/bryce-dessner-the-national-alejandro-gonzalez-inarritu-bardo-false-chronicle-of-a-handful-of-truths-soundtrack-from-the-netflix-film-lp-vinyl\/\"]}]},{\"@type\":\"ImageObject\",\"inLanguage\":\"en-US\",\"@id\":\"https:\/\/staging.rockers.de\/record\/bryce-dessner-the-national-alejandro-gonzalez-inarritu-bardo-false-chronicle-of-a-handful-of-truths-soundtrack-from-the-netflix-film-lp-vinyl\/#primaryimage\",\"url\":\"https:\/\/staging.rockers.de\/wp-content\/uploads\/2026\/01\/Bryce-Dessner-The-National-Alejandro-Gonzalez-Inarritu-Bardo-False-Chronicle-Of-A-Handful-Of-Truths-Soundtrack-From-The-Netflix-Film-LP-Vinyl-1.jpg\",\"contentUrl\":\"https:\/\/staging.rockers.de\/wp-content\/uploads\/2026\/01\/Bryce-Dessner-The-National-Alejandro-Gonzalez-Inarritu-Bardo-False-Chronicle-Of-A-Handful-Of-Truths-Soundtrack-From-The-Netflix-Film-LP-Vinyl-1.jpg\",\"width\":1800,\"height\":1859,\"caption\":\"Bryce Dessner The National Alejandro Gonz\u00e1lez I\u00f1\u00e1rritu - Bardo - False Chronicle Of A Handful Of Truths - Soundtrack From The Netflix Film-LP Vinyl\"},{\"@type\":\"BreadcrumbList\",\"@id\":\"https:\/\/staging.rockers.de\/record\/bryce-dessner-the-national-alejandro-gonzalez-inarritu-bardo-false-chronicle-of-a-handful-of-truths-soundtrack-from-the-netflix-film-lp-vinyl\/#breadcrumb\",\"itemListElement\":[{\"@type\":\"ListItem\",\"position\":1,\"name\":\"Startseite\",\"item\":\"https:\/\/staging.rockers.de\/\"},{\"@type\":\"ListItem\",\"position\":2,\"name\":\"Shop\",\"item\":\"https:\/\/staging.rockers.de\/shop\/\"},{\"@type\":\"ListItem\",\"position\":3,\"name\":\"Bryce Dessner The National Alejandro Gonz\u00e1lez I\u00f1\u00e1rritu &#8211; Bardo &#8211; False Chronicle Of A Handful Of Truths &#8211; Soundtrack From The Netflix Film-LP Vinyl\"}]},{\"@type\":\"WebSite\",\"@id\":\"https:\/\/staging.rockers.de\/#website\",\"url\":\"https:\/\/staging.rockers.de\/\",\"name\":\"[Staging] Rockers Records\",\"description\":\"Dein Schallplatten Store in Hannover\",\"publisher\":{\"@id\":\"https:\/\/staging.rockers.de\/#organization\"},\"potentialAction\":[{\"@type\":\"SearchAction\",\"target\":{\"@type\":\"EntryPoint\",\"urlTemplate\":\"https:\/\/staging.rockers.de\/?s={search_term_string}\"},\"query-input\":{\"@type\":\"PropertyValueSpecification\",\"valueRequired\":true,\"valueName\":\"search_term_string\"}}],\"inLanguage\":\"en-US\"},{\"@type\":\"Organization\",\"@id\":\"https:\/\/staging.rockers.de\/#organization\",\"name\":\"[Staging] Rockers Records\",\"url\":\"https:\/\/staging.rockers.de\/\",\"logo\":{\"@type\":\"ImageObject\",\"inLanguage\":\"en-US\",\"@id\":\"https:\/\/staging.rockers.de\/#\/schema\/logo\/image\/\",\"url\":\"https:\/\/staging.rockers.de\/wp-content\/uploads\/2022\/07\/Neue-Website-2022.jpg\",\"contentUrl\":\"https:\/\/staging.rockers.de\/wp-content\/uploads\/2022\/07\/Neue-Website-2022.jpg\",\"width\":800,\"height\":800,\"caption\":\"[Staging] Rockers Records\"},\"image\":{\"@id\":\"https:\/\/staging.rockers.de\/#\/schema\/logo\/image\/\"}}]}<\/script>\n<!-- \/ Yoast SEO plugin. -->","yoast_head_json":{"title":"Bryce Dessner The National Alejandro Gonz\u00e1lez I\u00f1\u00e1rritu - Bardo - False Chronicle Of A Handful Of Truths - Soundtrack From The Netflix Film-LP Vinyl - [Staging] Rockers Records","robots":{"index":"index","follow":"follow","max-snippet":"max-snippet:-1","max-image-preview":"max-image-preview:large","max-video-preview":"max-video-preview:-1"},"canonical":"https:\/\/staging.rockers.de\/en\/record\/bryce-dessner-the-national-alejandro-gonzalez-inarritu-bardo-false-chronicle-of-a-handful-of-truths-soundtrack-from-the-netflix-film-lp-vinyl\/","og_locale":"en_US","og_type":"article","og_title":"Bryce Dessner The National Alejandro Gonz\u00e1lez I\u00f1\u00e1rritu - Bardo - False Chronicle Of A Handful Of Truths - Soundtrack From The Netflix Film-LP Vinyl - [Staging] Rockers Records","og_description":"Music On Vinyl Deluxe Limited Edition 2-LP soundtrack for [a1093089]'s \"Bardo, falsa cr\u00f3nica de unas cuantas verdades\", limited to 750 individually numbered copies.  Disc one pressed on Cactus Green vinyl (marketed as simply \"Green\"). Disc two pressed on White vinyl. Each disc comes inside a die-cut printed sleeve with a behind-the-scenes photo on the corner of one side, and production notes and credits on the back.  Gatefold cover housed in a PVC sleeve with hype sticker and a Music On Vinyl sticker seal.  [url=https:\/\/www.discogs.com\/release\/27900774-Bryce-Dessner-Alejandro-Gonz\u00e1lez-I\u00f1\u00e1rritu-Bardo-Soundtrack-From-The-Netflix-Film]A variant limited to 250 copies was also released[\/url], featuring Red vinyl instead of Green.","og_url":"https:\/\/staging.rockers.de\/en\/record\/bryce-dessner-the-national-alejandro-gonzalez-inarritu-bardo-false-chronicle-of-a-handful-of-truths-soundtrack-from-the-netflix-film-lp-vinyl\/","og_site_name":"[Staging] Rockers Records","article_modified_time":"2026-02-19T15:05:33+00:00","og_image":[{"width":1800,"height":1859,"url":"https:\/\/staging.rockers.de\/wp-content\/uploads\/2026\/01\/Bryce-Dessner-The-National-Alejandro-Gonzalez-Inarritu-Bardo-False-Chronicle-Of-A-Handful-Of-Truths-Soundtrack-From-The-Netflix-Film-LP-Vinyl-1.jpg","type":"image\/jpeg"}],"twitter_card":"summary_large_image","twitter_misc":{"Est. reading time":"1 minute"},"schema":{"@context":"https:\/\/schema.org","@graph":[{"@type":"WebPage","@id":"https:\/\/staging.rockers.de\/record\/bryce-dessner-the-national-alejandro-gonzalez-inarritu-bardo-false-chronicle-of-a-handful-of-truths-soundtrack-from-the-netflix-film-lp-vinyl\/","url":"https:\/\/staging.rockers.de\/record\/bryce-dessner-the-national-alejandro-gonzalez-inarritu-bardo-false-chronicle-of-a-handful-of-truths-soundtrack-from-the-netflix-film-lp-vinyl\/","name":"Bryce Dessner The National Alejandro Gonz\u00e1lez I\u00f1\u00e1rritu - Bardo - False Chronicle Of A Handful Of Truths - Soundtrack From The Netflix Film-LP Vinyl - [Staging] Rockers Records","isPartOf":{"@id":"https:\/\/staging.rockers.de\/#website"},"primaryImageOfPage":{"@id":"https:\/\/staging.rockers.de\/record\/bryce-dessner-the-national-alejandro-gonzalez-inarritu-bardo-false-chronicle-of-a-handful-of-truths-soundtrack-from-the-netflix-film-lp-vinyl\/#primaryimage"},"image":{"@id":"https:\/\/staging.rockers.de\/record\/bryce-dessner-the-national-alejandro-gonzalez-inarritu-bardo-false-chronicle-of-a-handful-of-truths-soundtrack-from-the-netflix-film-lp-vinyl\/#primaryimage"},"thumbnailUrl":"https:\/\/staging.rockers.de\/wp-content\/uploads\/2026\/01\/Bryce-Dessner-The-National-Alejandro-Gonzalez-Inarritu-Bardo-False-Chronicle-Of-A-Handful-Of-Truths-Soundtrack-From-The-Netflix-Film-LP-Vinyl-1.jpg","datePublished":"2026-01-23T15:21:43+00:00","dateModified":"2026-02-19T15:05:33+00:00","breadcrumb":{"@id":"https:\/\/staging.rockers.de\/record\/bryce-dessner-the-national-alejandro-gonzalez-inarritu-bardo-false-chronicle-of-a-handful-of-truths-soundtrack-from-the-netflix-film-lp-vinyl\/#breadcrumb"},"inLanguage":"en-US","potentialAction":[{"@type":"ReadAction","target":["https:\/\/staging.rockers.de\/record\/bryce-dessner-the-national-alejandro-gonzalez-inarritu-bardo-false-chronicle-of-a-handful-of-truths-soundtrack-from-the-netflix-film-lp-vinyl\/"]}]},{"@type":"ImageObject","inLanguage":"en-US","@id":"https:\/\/staging.rockers.de\/record\/bryce-dessner-the-national-alejandro-gonzalez-inarritu-bardo-false-chronicle-of-a-handful-of-truths-soundtrack-from-the-netflix-film-lp-vinyl\/#primaryimage","url":"https:\/\/staging.rockers.de\/wp-content\/uploads\/2026\/01\/Bryce-Dessner-The-National-Alejandro-Gonzalez-Inarritu-Bardo-False-Chronicle-Of-A-Handful-Of-Truths-Soundtrack-From-The-Netflix-Film-LP-Vinyl-1.jpg","contentUrl":"https:\/\/staging.rockers.de\/wp-content\/uploads\/2026\/01\/Bryce-Dessner-The-National-Alejandro-Gonzalez-Inarritu-Bardo-False-Chronicle-Of-A-Handful-Of-Truths-Soundtrack-From-The-Netflix-Film-LP-Vinyl-1.jpg","width":1800,"height":1859,"caption":"Bryce Dessner The National Alejandro Gonz\u00e1lez I\u00f1\u00e1rritu - Bardo - False Chronicle Of A Handful Of Truths - Soundtrack From The Netflix Film-LP Vinyl"},{"@type":"BreadcrumbList","@id":"https:\/\/staging.rockers.de\/record\/bryce-dessner-the-national-alejandro-gonzalez-inarritu-bardo-false-chronicle-of-a-handful-of-truths-soundtrack-from-the-netflix-film-lp-vinyl\/#breadcrumb","itemListElement":[{"@type":"ListItem","position":1,"name":"Startseite","item":"https:\/\/staging.rockers.de\/"},{"@type":"ListItem","position":2,"name":"Shop","item":"https:\/\/staging.rockers.de\/shop\/"},{"@type":"ListItem","position":3,"name":"Bryce Dessner The National Alejandro Gonz\u00e1lez I\u00f1\u00e1rritu &#8211; Bardo &#8211; False Chronicle Of A Handful Of Truths &#8211; Soundtrack From The Netflix Film-LP Vinyl"}]},{"@type":"WebSite","@id":"https:\/\/staging.rockers.de\/#website","url":"https:\/\/staging.rockers.de\/","name":"[Staging] Rockers Records","description":"Your record store in Hanover","publisher":{"@id":"https:\/\/staging.rockers.de\/#organization"},"potentialAction":[{"@type":"SearchAction","target":{"@type":"EntryPoint","urlTemplate":"https:\/\/staging.rockers.de\/?s={search_term_string}"},"query-input":{"@type":"PropertyValueSpecification","valueRequired":true,"valueName":"search_term_string"}}],"inLanguage":"en-US"},{"@type":"Organization","@id":"https:\/\/staging.rockers.de\/#organization","name":"[Staging] Rockers Records","url":"https:\/\/staging.rockers.de\/","logo":{"@type":"ImageObject","inLanguage":"en-US","@id":"https:\/\/staging.rockers.de\/#\/schema\/logo\/image\/","url":"https:\/\/staging.rockers.de\/wp-content\/uploads\/2022\/07\/Neue-Website-2022.jpg","contentUrl":"https:\/\/staging.rockers.de\/wp-content\/uploads\/2022\/07\/Neue-Website-2022.jpg","width":800,"height":800,"caption":"[Staging] Rockers Records"},"image":{"@id":"https:\/\/staging.rockers.de\/#\/schema\/logo\/image\/"}}]}},"_links":{"self":[{"href":"https:\/\/staging.rockers.de\/en\/wp-json\/wp\/v2\/product\/175560","targetHints":{"allow":["GET"]}}],"collection":[{"href":"https:\/\/staging.rockers.de\/en\/wp-json\/wp\/v2\/product"}],"about":[{"href":"https:\/\/staging.rockers.de\/en\/wp-json\/wp\/v2\/types\/product"}],"wp:featuredmedia":[{"embeddable":true,"href":"https:\/\/staging.rockers.de\/en\/wp-json\/wp\/v2\/media\/175563"}],"wp:attachment":[{"href":"https:\/\/staging.rockers.de\/en\/wp-json\/wp\/v2\/media?parent=175560"}],"wp:term":[{"taxonomy":"product_brand","embeddable":true,"href":"https:\/\/staging.rockers.de\/en\/wp-json\/wp\/v2\/product_brand?post=175560"},{"taxonomy":"product_cat","embeddable":true,"href":"https:\/\/staging.rockers.de\/en\/wp-json\/wp\/v2\/product_cat?post=175560"},{"taxonomy":"product_tag","embeddable":true,"href":"https:\/\/staging.rockers.de\/en\/wp-json\/wp\/v2\/product_tag?post=175560"}],"curies":[{"name":"wp","href":"https:\/\/api.w.org\/{rel}","templated":true}]}}