{"id":26517,"date":"2022-09-02T16:23:10","date_gmt":"2022-09-02T14:23:10","guid":{"rendered":"https:\/\/rockersstore.de\/record\/ingvay-keep-it-up-cd\/"},"modified":"2026-01-26T18:50:02","modified_gmt":"2026-01-26T17:50:02","slug":"ingvay-keep-it-up-cd","status":"publish","type":"product","link":"https:\/\/staging.rockers.de\/en\/record\/ingvay-keep-it-up-cd\/","title":{"rendered":"Ingvay-Keep It Up-CD"},"content":{"rendered":"<p>\u201eKeep It Up\u201c hei\u00dft das neue Studioalbum von INGVAY. Es ist der Soundtrack eines Reisenden: Songwriter-Blues, Americana, knackiger Groove-Rock. Es ist die Musik, die ihn seit seiner Kindheit pr\u00e4gt.F\u00fcr die Produktion hat er gute Freundezusammengerufen, allesamt Kenner und K\u00f6nner. \u201eWir haben als Band live aufgenommen, wie in guten alten Zeiten. No Autotune, no Melodyne. Es gibt Overdubs, aber alles ist echt und so soll es sein!&#8220;. Das Ergebnis klingt kraftvoll, gelassen und verdammt groovy.INGVAY schreibt seine Lieder aus innerem Bed\u00fcrfnis. Er spielt mit treibender Kraft und produziert auf den Punkt.\u201eIch suche immer nach dem, was uns ausmacht \u2013nicht so unbedingt nach dem, was jeder mitmacht.Ich will erneut aufbrechen und mich zur\u00fcck besinnen auf das, was wir schon immer wollten und jetzt am besten tun.Es geht um Hoffnung und Zuversicht \u2013f\u00fcr uns und f\u00fcr die Menschen, mit denen wir zusammen leben \u2013auch in schwierigen Zeiten&#8220;.Herausgekommen ist ein Album voller Vielfalt und positiver Energie. Von einem, der meint was er singt und zeigt was er f\u00fchlt \u2013mit klaren Roots und feinem Gesp\u00fcr f\u00fcr das Eigene.<\/p>","protected":false},"excerpt":{"rendered":"<p>\u201eKeep It Up\u201c hei\u00dft das neue Studioalbum von INGVAY. Es ist der Soundtrack eines Reisenden: Songwriter-Blues, Americana, knackiger Groove-Rock. Es ist die Musik, die ihn seit seiner Kindheit pr\u00e4gt.F\u00fcr die Produktion hat er gute Freundezusammengerufen, allesamt Kenner und K\u00f6nner. \u201eWir haben als Band live aufgenommen, wie in guten alten Zeiten. No Autotune, no Melodyne. Es gibt Overdubs, aber alles ist echt und so soll es sein!&#8220;. Das Ergebnis klingt kraftvoll, gelassen und verdammt groovy.INGVAY schreibt seine Lieder aus innerem Bed\u00fcrfnis. Er spielt mit treibender Kraft und produziert auf den Punkt.\u201eIch suche immer nach dem, was uns ausmacht \u2013nicht so unbedingt nach dem, was jeder mitmacht.Ich will erneut aufbrechen und mich zur\u00fcck besinnen auf das, was wir schon immer wollten und jetzt am besten tun.Es geht um Hoffnung und Zuversicht \u2013f\u00fcr uns und f\u00fcr die Menschen, mit denen wir zusammen leben \u2013auch in schwierigen Zeiten&#8220;.Herausgekommen ist ein Album voller Vielfalt und positiver Energie. Von einem, der meint was er singt und zeigt was er f\u00fchlt \u2013mit klaren Roots und feinem Gesp\u00fcr f\u00fcr das Eigene.<\/p>","protected":false},"featured_media":26518,"template":"","meta":{"_acf_changed":false},"product_brand":[],"product_cat":[554],"product_tag":[],"class_list":{"0":"post-26517","1":"product","2":"type-product","3":"status-publish","4":"has-post-thumbnail","6":"product_cat-blues","7":"pa_att_artist-ingvay","8":"pa_att_format-cd","9":"pa_att_genre-blues","10":"pa_att_jahr-137","11":"pa_att_label-jamtone-records","12":"pa_att_land-germany","14":"first","15":"instock","16":"taxable","17":"shipping-taxable","18":"purchasable","19":"product-type-simple"},"acf":[],"yoast_head":"<!-- This site is optimized with the Yoast SEO plugin v27.0 - https:\/\/yoast.com\/product\/yoast-seo-wordpress\/ -->\n<title>Ingvay-Keep It Up-CD - [Staging] Rockers Records<\/title>\n<meta name=\"robots\" content=\"index, follow, max-snippet:-1, max-image-preview:large, max-video-preview:-1\" \/>\n<link rel=\"canonical\" href=\"https:\/\/staging.rockers.de\/en\/record\/ingvay-keep-it-up-cd\/\" \/>\n<meta property=\"og:locale\" content=\"en_US\" \/>\n<meta property=\"og:type\" content=\"article\" \/>\n<meta property=\"og:title\" content=\"Ingvay-Keep It Up-CD - [Staging] Rockers Records\" \/>\n<meta property=\"og:description\" content=\"\u201eKeep It Up\u201c hei\u00dft das neue Studioalbum von INGVAY. Es ist der Soundtrack eines Reisenden: Songwriter-Blues, Americana, knackiger Groove-Rock. Es ist die Musik, die ihn seit seiner Kindheit pr\u00e4gt.F\u00fcr die Produktion hat er gute Freundezusammengerufen, allesamt Kenner und K\u00f6nner. \u201eWir haben als Band live aufgenommen, wie in guten alten Zeiten. No Autotune, no Melodyne. Es gibt Overdubs, aber alles ist echt und so soll es sein!&quot;. Das Ergebnis klingt kraftvoll, gelassen und verdammt groovy.INGVAY schreibt seine Lieder aus innerem Bed\u00fcrfnis. Er spielt mit treibender Kraft und produziert auf den Punkt.\u201eIch suche immer nach dem, was uns ausmacht \u2013nicht so unbedingt nach dem, was jeder mitmacht.Ich will erneut aufbrechen und mich zur\u00fcck besinnen auf das, was wir schon immer wollten und jetzt am besten tun.Es geht um Hoffnung und Zuversicht \u2013f\u00fcr uns und f\u00fcr die Menschen, mit denen wir zusammen leben \u2013auch in schwierigen Zeiten&quot;.Herausgekommen ist ein Album voller Vielfalt und positiver Energie. Von einem, der meint was er singt und zeigt was er f\u00fchlt \u2013mit klaren Roots und feinem Gesp\u00fcr f\u00fcr das Eigene.\" \/>\n<meta property=\"og:url\" content=\"https:\/\/staging.rockers.de\/en\/record\/ingvay-keep-it-up-cd\/\" \/>\n<meta property=\"og:site_name\" content=\"[Staging] Rockers Records\" \/>\n<meta property=\"article:modified_time\" content=\"2026-01-26T17:50:02+00:00\" \/>\n<meta property=\"og:image\" content=\"https:\/\/staging.rockers.de\/wp-content\/uploads\/2022\/09\/Ingvay-Keep-It-Up-CD.jpg\" \/>\n\t<meta property=\"og:image:width\" content=\"1536\" \/>\n\t<meta property=\"og:image:height\" content=\"1320\" \/>\n\t<meta property=\"og:image:type\" content=\"image\/jpeg\" \/>\n<meta name=\"twitter:card\" content=\"summary_large_image\" \/>\n<meta name=\"twitter:label1\" content=\"Est. reading time\" \/>\n\t<meta name=\"twitter:data1\" content=\"2 minutes\" \/>\n<script type=\"application\/ld+json\" class=\"yoast-schema-graph\">{\"@context\":\"https:\/\/schema.org\",\"@graph\":[{\"@type\":\"WebPage\",\"@id\":\"https:\/\/staging.rockers.de\/record\/ingvay-keep-it-up-cd\/\",\"url\":\"https:\/\/staging.rockers.de\/record\/ingvay-keep-it-up-cd\/\",\"name\":\"Ingvay-Keep It Up-CD - [Staging] Rockers Records\",\"isPartOf\":{\"@id\":\"https:\/\/staging.rockers.de\/#website\"},\"primaryImageOfPage\":{\"@id\":\"https:\/\/staging.rockers.de\/record\/ingvay-keep-it-up-cd\/#primaryimage\"},\"image\":{\"@id\":\"https:\/\/staging.rockers.de\/record\/ingvay-keep-it-up-cd\/#primaryimage\"},\"thumbnailUrl\":\"https:\/\/staging.rockers.de\/wp-content\/uploads\/2022\/09\/Ingvay-Keep-It-Up-CD.jpg\",\"datePublished\":\"2022-09-02T14:23:10+00:00\",\"dateModified\":\"2026-01-26T17:50:02+00:00\",\"breadcrumb\":{\"@id\":\"https:\/\/staging.rockers.de\/record\/ingvay-keep-it-up-cd\/#breadcrumb\"},\"inLanguage\":\"en-US\",\"potentialAction\":[{\"@type\":\"ReadAction\",\"target\":[\"https:\/\/staging.rockers.de\/record\/ingvay-keep-it-up-cd\/\"]}]},{\"@type\":\"ImageObject\",\"inLanguage\":\"en-US\",\"@id\":\"https:\/\/staging.rockers.de\/record\/ingvay-keep-it-up-cd\/#primaryimage\",\"url\":\"https:\/\/staging.rockers.de\/wp-content\/uploads\/2022\/09\/Ingvay-Keep-It-Up-CD.jpg\",\"contentUrl\":\"https:\/\/staging.rockers.de\/wp-content\/uploads\/2022\/09\/Ingvay-Keep-It-Up-CD.jpg\",\"width\":1536,\"height\":1320,\"caption\":\"Ingvay-Keep It Up-CD-01\"},{\"@type\":\"BreadcrumbList\",\"@id\":\"https:\/\/staging.rockers.de\/record\/ingvay-keep-it-up-cd\/#breadcrumb\",\"itemListElement\":[{\"@type\":\"ListItem\",\"position\":1,\"name\":\"Startseite\",\"item\":\"https:\/\/staging.rockers.de\/\"},{\"@type\":\"ListItem\",\"position\":2,\"name\":\"Shop\",\"item\":\"https:\/\/staging.rockers.de\/shop\/\"},{\"@type\":\"ListItem\",\"position\":3,\"name\":\"Ingvay-Keep It Up-CD\"}]},{\"@type\":\"WebSite\",\"@id\":\"https:\/\/staging.rockers.de\/#website\",\"url\":\"https:\/\/staging.rockers.de\/\",\"name\":\"[Staging] Rockers Records\",\"description\":\"Dein Schallplatten Store in Hannover\",\"publisher\":{\"@id\":\"https:\/\/staging.rockers.de\/#organization\"},\"potentialAction\":[{\"@type\":\"SearchAction\",\"target\":{\"@type\":\"EntryPoint\",\"urlTemplate\":\"https:\/\/staging.rockers.de\/?s={search_term_string}\"},\"query-input\":{\"@type\":\"PropertyValueSpecification\",\"valueRequired\":true,\"valueName\":\"search_term_string\"}}],\"inLanguage\":\"en-US\"},{\"@type\":\"Organization\",\"@id\":\"https:\/\/staging.rockers.de\/#organization\",\"name\":\"[Staging] Rockers Records\",\"url\":\"https:\/\/staging.rockers.de\/\",\"logo\":{\"@type\":\"ImageObject\",\"inLanguage\":\"en-US\",\"@id\":\"https:\/\/staging.rockers.de\/#\/schema\/logo\/image\/\",\"url\":\"https:\/\/staging.rockers.de\/wp-content\/uploads\/2022\/07\/Neue-Website-2022.jpg\",\"contentUrl\":\"https:\/\/staging.rockers.de\/wp-content\/uploads\/2022\/07\/Neue-Website-2022.jpg\",\"width\":800,\"height\":800,\"caption\":\"[Staging] Rockers Records\"},\"image\":{\"@id\":\"https:\/\/staging.rockers.de\/#\/schema\/logo\/image\/\"}}]}<\/script>\n<!-- \/ Yoast SEO plugin. -->","yoast_head_json":{"title":"Ingvay-Keep It Up-CD - [Staging] Rockers Records","robots":{"index":"index","follow":"follow","max-snippet":"max-snippet:-1","max-image-preview":"max-image-preview:large","max-video-preview":"max-video-preview:-1"},"canonical":"https:\/\/staging.rockers.de\/en\/record\/ingvay-keep-it-up-cd\/","og_locale":"en_US","og_type":"article","og_title":"Ingvay-Keep It Up-CD - [Staging] Rockers Records","og_description":"\u201eKeep It Up\u201c hei\u00dft das neue Studioalbum von INGVAY. Es ist der Soundtrack eines Reisenden: Songwriter-Blues, Americana, knackiger Groove-Rock. Es ist die Musik, die ihn seit seiner Kindheit pr\u00e4gt.F\u00fcr die Produktion hat er gute Freundezusammengerufen, allesamt Kenner und K\u00f6nner. \u201eWir haben als Band live aufgenommen, wie in guten alten Zeiten. No Autotune, no Melodyne. Es gibt Overdubs, aber alles ist echt und so soll es sein!\". Das Ergebnis klingt kraftvoll, gelassen und verdammt groovy.INGVAY schreibt seine Lieder aus innerem Bed\u00fcrfnis. Er spielt mit treibender Kraft und produziert auf den Punkt.\u201eIch suche immer nach dem, was uns ausmacht \u2013nicht so unbedingt nach dem, was jeder mitmacht.Ich will erneut aufbrechen und mich zur\u00fcck besinnen auf das, was wir schon immer wollten und jetzt am besten tun.Es geht um Hoffnung und Zuversicht \u2013f\u00fcr uns und f\u00fcr die Menschen, mit denen wir zusammen leben \u2013auch in schwierigen Zeiten\".Herausgekommen ist ein Album voller Vielfalt und positiver Energie. Von einem, der meint was er singt und zeigt was er f\u00fchlt \u2013mit klaren Roots und feinem Gesp\u00fcr f\u00fcr das Eigene.","og_url":"https:\/\/staging.rockers.de\/en\/record\/ingvay-keep-it-up-cd\/","og_site_name":"[Staging] Rockers Records","article_modified_time":"2026-01-26T17:50:02+00:00","og_image":[{"width":1536,"height":1320,"url":"https:\/\/staging.rockers.de\/wp-content\/uploads\/2022\/09\/Ingvay-Keep-It-Up-CD.jpg","type":"image\/jpeg"}],"twitter_card":"summary_large_image","twitter_misc":{"Est. reading time":"2 minutes"},"schema":{"@context":"https:\/\/schema.org","@graph":[{"@type":"WebPage","@id":"https:\/\/staging.rockers.de\/record\/ingvay-keep-it-up-cd\/","url":"https:\/\/staging.rockers.de\/record\/ingvay-keep-it-up-cd\/","name":"Ingvay-Keep It Up-CD - [Staging] Rockers Records","isPartOf":{"@id":"https:\/\/staging.rockers.de\/#website"},"primaryImageOfPage":{"@id":"https:\/\/staging.rockers.de\/record\/ingvay-keep-it-up-cd\/#primaryimage"},"image":{"@id":"https:\/\/staging.rockers.de\/record\/ingvay-keep-it-up-cd\/#primaryimage"},"thumbnailUrl":"https:\/\/staging.rockers.de\/wp-content\/uploads\/2022\/09\/Ingvay-Keep-It-Up-CD.jpg","datePublished":"2022-09-02T14:23:10+00:00","dateModified":"2026-01-26T17:50:02+00:00","breadcrumb":{"@id":"https:\/\/staging.rockers.de\/record\/ingvay-keep-it-up-cd\/#breadcrumb"},"inLanguage":"en-US","potentialAction":[{"@type":"ReadAction","target":["https:\/\/staging.rockers.de\/record\/ingvay-keep-it-up-cd\/"]}]},{"@type":"ImageObject","inLanguage":"en-US","@id":"https:\/\/staging.rockers.de\/record\/ingvay-keep-it-up-cd\/#primaryimage","url":"https:\/\/staging.rockers.de\/wp-content\/uploads\/2022\/09\/Ingvay-Keep-It-Up-CD.jpg","contentUrl":"https:\/\/staging.rockers.de\/wp-content\/uploads\/2022\/09\/Ingvay-Keep-It-Up-CD.jpg","width":1536,"height":1320,"caption":"Ingvay-Keep It Up-CD-01"},{"@type":"BreadcrumbList","@id":"https:\/\/staging.rockers.de\/record\/ingvay-keep-it-up-cd\/#breadcrumb","itemListElement":[{"@type":"ListItem","position":1,"name":"Startseite","item":"https:\/\/staging.rockers.de\/"},{"@type":"ListItem","position":2,"name":"Shop","item":"https:\/\/staging.rockers.de\/shop\/"},{"@type":"ListItem","position":3,"name":"Ingvay-Keep It Up-CD"}]},{"@type":"WebSite","@id":"https:\/\/staging.rockers.de\/#website","url":"https:\/\/staging.rockers.de\/","name":"[Staging] Rockers Records","description":"Your record store in Hanover","publisher":{"@id":"https:\/\/staging.rockers.de\/#organization"},"potentialAction":[{"@type":"SearchAction","target":{"@type":"EntryPoint","urlTemplate":"https:\/\/staging.rockers.de\/?s={search_term_string}"},"query-input":{"@type":"PropertyValueSpecification","valueRequired":true,"valueName":"search_term_string"}}],"inLanguage":"en-US"},{"@type":"Organization","@id":"https:\/\/staging.rockers.de\/#organization","name":"[Staging] Rockers Records","url":"https:\/\/staging.rockers.de\/","logo":{"@type":"ImageObject","inLanguage":"en-US","@id":"https:\/\/staging.rockers.de\/#\/schema\/logo\/image\/","url":"https:\/\/staging.rockers.de\/wp-content\/uploads\/2022\/07\/Neue-Website-2022.jpg","contentUrl":"https:\/\/staging.rockers.de\/wp-content\/uploads\/2022\/07\/Neue-Website-2022.jpg","width":800,"height":800,"caption":"[Staging] Rockers Records"},"image":{"@id":"https:\/\/staging.rockers.de\/#\/schema\/logo\/image\/"}}]}},"_links":{"self":[{"href":"https:\/\/staging.rockers.de\/en\/wp-json\/wp\/v2\/product\/26517","targetHints":{"allow":["GET"]}}],"collection":[{"href":"https:\/\/staging.rockers.de\/en\/wp-json\/wp\/v2\/product"}],"about":[{"href":"https:\/\/staging.rockers.de\/en\/wp-json\/wp\/v2\/types\/product"}],"wp:featuredmedia":[{"embeddable":true,"href":"https:\/\/staging.rockers.de\/en\/wp-json\/wp\/v2\/media\/26518"}],"wp:attachment":[{"href":"https:\/\/staging.rockers.de\/en\/wp-json\/wp\/v2\/media?parent=26517"}],"wp:term":[{"taxonomy":"product_brand","embeddable":true,"href":"https:\/\/staging.rockers.de\/en\/wp-json\/wp\/v2\/product_brand?post=26517"},{"taxonomy":"product_cat","embeddable":true,"href":"https:\/\/staging.rockers.de\/en\/wp-json\/wp\/v2\/product_cat?post=26517"},{"taxonomy":"product_tag","embeddable":true,"href":"https:\/\/staging.rockers.de\/en\/wp-json\/wp\/v2\/product_tag?post=26517"}],"curies":[{"name":"wp","href":"https:\/\/api.w.org\/{rel}","templated":true}]}}