{"id":49440,"date":"2022-09-03T22:13:09","date_gmt":"2022-09-03T20:13:09","guid":{"rendered":"https:\/\/rockersstore.de\/record\/the-spartanics-it-sounds-spartanic-lp-vinyl\/"},"modified":"2025-12-14T16:00:03","modified_gmt":"2025-12-14T15:00:03","slug":"the-spartanics-it-sounds-spartanic-lp-vinyl","status":"publish","type":"product","link":"https:\/\/staging.rockers.de\/en\/record\/the-spartanics-it-sounds-spartanic-lp-vinyl\/","title":{"rendered":"The Spartanics-&#8230;It Sounds Spartanic!-LP (Vinyl)"},"content":{"rendered":"<p>Einer Zeit voller Wut, Angst und Dummheit. Eine Zeit, in der einem klar wird, dass ein Gro\u00dfteil der Bev\u00f6lkerung eine rechte Regierung w\u00fcnscht und rassistische, homophobe, sexistische und islamophobe \u00c4u\u00dferungen zum \u201eguten Ton\u201c geh\u00f6ren. In dieser Zeit ist es umso wichtiger, keine halben oder verschwommen Geschichten zu erz\u00e4hlen, sondern die Dinge auf den Punkt zu bringen. So schlossen sich drei Leipzig-Connewitzer 2017 zusammen, ein Bandprojekt ins Leben zu rufen, um genau diese Themen in ihren Texten anzusprechen. Die musikalischen Einfl\u00fcsse liegen in der 77erPunk-\u00c4ra sowie im klassischen Oi!. Die LP &#8222;&#8230; It Sounds Spartanic!&#8220; mit 11 Songs erscheint am 07.09.2018 bei Rockers Records in einer Startauflage von 500 St\u00fcck auf schwarzem Vinyl, gepresst von Pallas.<\/p>","protected":false},"excerpt":{"rendered":"<p>Einer Zeit voller Wut, Angst und Dummheit. Eine Zeit, in der einem klar wird, dass ein Gro\u00dfteil der Bev\u00f6lkerung eine rechte Regierung w\u00fcnscht und rassistische, homophobe, sexistische und islamophobe \u00c4u\u00dferungen zum \u201eguten Ton\u201c geh\u00f6ren. In dieser Zeit ist es umso wichtiger, keine halben oder verschwommen Geschichten zu erz\u00e4hlen, sondern die Dinge auf den Punkt zu bringen. So schlossen sich drei Leipzig-Connewitzer 2017 zusammen, ein Bandprojekt ins Leben zu rufen, um genau diese Themen in ihren Texten anzusprechen. Die musikalischen Einfl\u00fcsse liegen in der 77erPunk-\u00c4ra sowie im klassischen Oi!. Die LP &#8222;&#8230; It Sounds Spartanic!&#8220; mit 11 Songs erscheint am 07.09.2018 bei Rockers Records in einer Startauflage von 500 St\u00fcck auf schwarzem Vinyl, gepresst von Pallas.<\/p>","protected":false},"featured_media":49441,"template":"","meta":{"_acf_changed":false},"product_brand":[],"product_cat":[559,538],"product_tag":[],"class_list":{"0":"post-49440","1":"product","2":"type-product","3":"status-publish","4":"has-post-thumbnail","6":"product_cat-oi","7":"product_cat-punk-deutschland","8":"pa_att_artist-the-spartanics","9":"pa_att_format-lp-vinyl","10":"pa_att_genre-punk-deutschland","11":"pa_att_jahr-365","12":"pa_att_label-rockers-records-3","13":"pa_att_land-germany","15":"first","16":"instock","17":"taxable","18":"shipping-taxable","19":"purchasable","20":"product-type-simple"},"acf":[],"yoast_head":"<!-- This site is optimized with the Yoast SEO plugin v27.0 - https:\/\/yoast.com\/product\/yoast-seo-wordpress\/ -->\n<title>The Spartanics-...It Sounds Spartanic!-LP (Vinyl) - [Staging] Rockers Records<\/title>\n<meta name=\"robots\" content=\"index, follow, max-snippet:-1, max-image-preview:large, max-video-preview:-1\" \/>\n<link rel=\"canonical\" href=\"https:\/\/staging.rockers.de\/en\/record\/the-spartanics-it-sounds-spartanic-lp-vinyl\/\" \/>\n<meta property=\"og:locale\" content=\"en_US\" \/>\n<meta property=\"og:type\" content=\"article\" \/>\n<meta property=\"og:title\" content=\"The Spartanics-...It Sounds Spartanic!-LP (Vinyl) - [Staging] Rockers Records\" \/>\n<meta property=\"og:description\" content=\"Einer Zeit voller Wut, Angst und Dummheit. Eine Zeit, in der einem klar wird, dass ein Gro\u00dfteil der Bev\u00f6lkerung eine rechte Regierung w\u00fcnscht und rassistische, homophobe, sexistische und islamophobe \u00c4u\u00dferungen zum \u201eguten Ton\u201c geh\u00f6ren. In dieser Zeit ist es umso wichtiger, keine halben oder verschwommen Geschichten zu erz\u00e4hlen, sondern die Dinge auf den Punkt zu bringen. So schlossen sich drei Leipzig-Connewitzer 2017 zusammen, ein Bandprojekt ins Leben zu rufen, um genau diese Themen in ihren Texten anzusprechen. Die musikalischen Einfl\u00fcsse liegen in der 77erPunk-\u00c4ra sowie im klassischen Oi!. Die LP &quot;... It Sounds Spartanic!&quot; mit 11 Songs erscheint am 07.09.2018 bei Rockers Records in einer Startauflage von 500 St\u00fcck auf schwarzem Vinyl, gepresst von Pallas.\" \/>\n<meta property=\"og:url\" content=\"https:\/\/staging.rockers.de\/en\/record\/the-spartanics-it-sounds-spartanic-lp-vinyl\/\" \/>\n<meta property=\"og:site_name\" content=\"[Staging] Rockers Records\" \/>\n<meta property=\"article:modified_time\" content=\"2025-12-14T15:00:03+00:00\" \/>\n<meta property=\"og:image\" content=\"https:\/\/staging.rockers.de\/wp-content\/uploads\/2022\/09\/The-Spartanics-...It-Sounds-Spartanic-LP-Vinyl.jpg\" \/>\n\t<meta property=\"og:image:width\" content=\"1536\" \/>\n\t<meta property=\"og:image:height\" content=\"1534\" \/>\n\t<meta property=\"og:image:type\" content=\"image\/jpeg\" \/>\n<meta name=\"twitter:card\" content=\"summary_large_image\" \/>\n<meta name=\"twitter:label1\" content=\"Est. reading time\" \/>\n\t<meta name=\"twitter:data1\" content=\"1 minute\" \/>\n<script type=\"application\/ld+json\" class=\"yoast-schema-graph\">{\"@context\":\"https:\/\/schema.org\",\"@graph\":[{\"@type\":\"WebPage\",\"@id\":\"https:\/\/staging.rockers.de\/record\/the-spartanics-it-sounds-spartanic-lp-vinyl\/\",\"url\":\"https:\/\/staging.rockers.de\/record\/the-spartanics-it-sounds-spartanic-lp-vinyl\/\",\"name\":\"The Spartanics-...It Sounds Spartanic!-LP (Vinyl) - [Staging] Rockers Records\",\"isPartOf\":{\"@id\":\"https:\/\/staging.rockers.de\/#website\"},\"primaryImageOfPage\":{\"@id\":\"https:\/\/staging.rockers.de\/record\/the-spartanics-it-sounds-spartanic-lp-vinyl\/#primaryimage\"},\"image\":{\"@id\":\"https:\/\/staging.rockers.de\/record\/the-spartanics-it-sounds-spartanic-lp-vinyl\/#primaryimage\"},\"thumbnailUrl\":\"https:\/\/staging.rockers.de\/wp-content\/uploads\/2022\/09\/The-Spartanics-...It-Sounds-Spartanic-LP-Vinyl.jpg\",\"datePublished\":\"2022-09-03T20:13:09+00:00\",\"dateModified\":\"2025-12-14T15:00:03+00:00\",\"breadcrumb\":{\"@id\":\"https:\/\/staging.rockers.de\/record\/the-spartanics-it-sounds-spartanic-lp-vinyl\/#breadcrumb\"},\"inLanguage\":\"en-US\",\"potentialAction\":[{\"@type\":\"ReadAction\",\"target\":[\"https:\/\/staging.rockers.de\/record\/the-spartanics-it-sounds-spartanic-lp-vinyl\/\"]}]},{\"@type\":\"ImageObject\",\"inLanguage\":\"en-US\",\"@id\":\"https:\/\/staging.rockers.de\/record\/the-spartanics-it-sounds-spartanic-lp-vinyl\/#primaryimage\",\"url\":\"https:\/\/staging.rockers.de\/wp-content\/uploads\/2022\/09\/The-Spartanics-...It-Sounds-Spartanic-LP-Vinyl.jpg\",\"contentUrl\":\"https:\/\/staging.rockers.de\/wp-content\/uploads\/2022\/09\/The-Spartanics-...It-Sounds-Spartanic-LP-Vinyl.jpg\",\"width\":1536,\"height\":1534,\"caption\":\"The Spartanics-...It Sounds Spartanic!-LP (Vinyl)-01\"},{\"@type\":\"BreadcrumbList\",\"@id\":\"https:\/\/staging.rockers.de\/record\/the-spartanics-it-sounds-spartanic-lp-vinyl\/#breadcrumb\",\"itemListElement\":[{\"@type\":\"ListItem\",\"position\":1,\"name\":\"Startseite\",\"item\":\"https:\/\/staging.rockers.de\/\"},{\"@type\":\"ListItem\",\"position\":2,\"name\":\"Shop\",\"item\":\"https:\/\/staging.rockers.de\/shop\/\"},{\"@type\":\"ListItem\",\"position\":3,\"name\":\"The Spartanics-&#8230;It Sounds Spartanic!-LP (Vinyl)\"}]},{\"@type\":\"WebSite\",\"@id\":\"https:\/\/staging.rockers.de\/#website\",\"url\":\"https:\/\/staging.rockers.de\/\",\"name\":\"[Staging] Rockers Records\",\"description\":\"Dein Schallplatten Store in Hannover\",\"publisher\":{\"@id\":\"https:\/\/staging.rockers.de\/#organization\"},\"potentialAction\":[{\"@type\":\"SearchAction\",\"target\":{\"@type\":\"EntryPoint\",\"urlTemplate\":\"https:\/\/staging.rockers.de\/?s={search_term_string}\"},\"query-input\":{\"@type\":\"PropertyValueSpecification\",\"valueRequired\":true,\"valueName\":\"search_term_string\"}}],\"inLanguage\":\"en-US\"},{\"@type\":\"Organization\",\"@id\":\"https:\/\/staging.rockers.de\/#organization\",\"name\":\"[Staging] Rockers Records\",\"url\":\"https:\/\/staging.rockers.de\/\",\"logo\":{\"@type\":\"ImageObject\",\"inLanguage\":\"en-US\",\"@id\":\"https:\/\/staging.rockers.de\/#\/schema\/logo\/image\/\",\"url\":\"https:\/\/staging.rockers.de\/wp-content\/uploads\/2022\/07\/Neue-Website-2022.jpg\",\"contentUrl\":\"https:\/\/staging.rockers.de\/wp-content\/uploads\/2022\/07\/Neue-Website-2022.jpg\",\"width\":800,\"height\":800,\"caption\":\"[Staging] Rockers Records\"},\"image\":{\"@id\":\"https:\/\/staging.rockers.de\/#\/schema\/logo\/image\/\"}}]}<\/script>\n<!-- \/ Yoast SEO plugin. -->","yoast_head_json":{"title":"The Spartanics-...It Sounds Spartanic!-LP (Vinyl) - [Staging] Rockers Records","robots":{"index":"index","follow":"follow","max-snippet":"max-snippet:-1","max-image-preview":"max-image-preview:large","max-video-preview":"max-video-preview:-1"},"canonical":"https:\/\/staging.rockers.de\/en\/record\/the-spartanics-it-sounds-spartanic-lp-vinyl\/","og_locale":"en_US","og_type":"article","og_title":"The Spartanics-...It Sounds Spartanic!-LP (Vinyl) - [Staging] Rockers Records","og_description":"Einer Zeit voller Wut, Angst und Dummheit. Eine Zeit, in der einem klar wird, dass ein Gro\u00dfteil der Bev\u00f6lkerung eine rechte Regierung w\u00fcnscht und rassistische, homophobe, sexistische und islamophobe \u00c4u\u00dferungen zum \u201eguten Ton\u201c geh\u00f6ren. In dieser Zeit ist es umso wichtiger, keine halben oder verschwommen Geschichten zu erz\u00e4hlen, sondern die Dinge auf den Punkt zu bringen. So schlossen sich drei Leipzig-Connewitzer 2017 zusammen, ein Bandprojekt ins Leben zu rufen, um genau diese Themen in ihren Texten anzusprechen. Die musikalischen Einfl\u00fcsse liegen in der 77erPunk-\u00c4ra sowie im klassischen Oi!. Die LP \"... It Sounds Spartanic!\" mit 11 Songs erscheint am 07.09.2018 bei Rockers Records in einer Startauflage von 500 St\u00fcck auf schwarzem Vinyl, gepresst von Pallas.","og_url":"https:\/\/staging.rockers.de\/en\/record\/the-spartanics-it-sounds-spartanic-lp-vinyl\/","og_site_name":"[Staging] Rockers Records","article_modified_time":"2025-12-14T15:00:03+00:00","og_image":[{"width":1536,"height":1534,"url":"https:\/\/staging.rockers.de\/wp-content\/uploads\/2022\/09\/The-Spartanics-...It-Sounds-Spartanic-LP-Vinyl.jpg","type":"image\/jpeg"}],"twitter_card":"summary_large_image","twitter_misc":{"Est. reading time":"1 minute"},"schema":{"@context":"https:\/\/schema.org","@graph":[{"@type":"WebPage","@id":"https:\/\/staging.rockers.de\/record\/the-spartanics-it-sounds-spartanic-lp-vinyl\/","url":"https:\/\/staging.rockers.de\/record\/the-spartanics-it-sounds-spartanic-lp-vinyl\/","name":"The Spartanics-...It Sounds Spartanic!-LP (Vinyl) - [Staging] Rockers Records","isPartOf":{"@id":"https:\/\/staging.rockers.de\/#website"},"primaryImageOfPage":{"@id":"https:\/\/staging.rockers.de\/record\/the-spartanics-it-sounds-spartanic-lp-vinyl\/#primaryimage"},"image":{"@id":"https:\/\/staging.rockers.de\/record\/the-spartanics-it-sounds-spartanic-lp-vinyl\/#primaryimage"},"thumbnailUrl":"https:\/\/staging.rockers.de\/wp-content\/uploads\/2022\/09\/The-Spartanics-...It-Sounds-Spartanic-LP-Vinyl.jpg","datePublished":"2022-09-03T20:13:09+00:00","dateModified":"2025-12-14T15:00:03+00:00","breadcrumb":{"@id":"https:\/\/staging.rockers.de\/record\/the-spartanics-it-sounds-spartanic-lp-vinyl\/#breadcrumb"},"inLanguage":"en-US","potentialAction":[{"@type":"ReadAction","target":["https:\/\/staging.rockers.de\/record\/the-spartanics-it-sounds-spartanic-lp-vinyl\/"]}]},{"@type":"ImageObject","inLanguage":"en-US","@id":"https:\/\/staging.rockers.de\/record\/the-spartanics-it-sounds-spartanic-lp-vinyl\/#primaryimage","url":"https:\/\/staging.rockers.de\/wp-content\/uploads\/2022\/09\/The-Spartanics-...It-Sounds-Spartanic-LP-Vinyl.jpg","contentUrl":"https:\/\/staging.rockers.de\/wp-content\/uploads\/2022\/09\/The-Spartanics-...It-Sounds-Spartanic-LP-Vinyl.jpg","width":1536,"height":1534,"caption":"The Spartanics-...It Sounds Spartanic!-LP (Vinyl)-01"},{"@type":"BreadcrumbList","@id":"https:\/\/staging.rockers.de\/record\/the-spartanics-it-sounds-spartanic-lp-vinyl\/#breadcrumb","itemListElement":[{"@type":"ListItem","position":1,"name":"Startseite","item":"https:\/\/staging.rockers.de\/"},{"@type":"ListItem","position":2,"name":"Shop","item":"https:\/\/staging.rockers.de\/shop\/"},{"@type":"ListItem","position":3,"name":"The Spartanics-&#8230;It Sounds Spartanic!-LP (Vinyl)"}]},{"@type":"WebSite","@id":"https:\/\/staging.rockers.de\/#website","url":"https:\/\/staging.rockers.de\/","name":"[Staging] Rockers Records","description":"Your record store in Hanover","publisher":{"@id":"https:\/\/staging.rockers.de\/#organization"},"potentialAction":[{"@type":"SearchAction","target":{"@type":"EntryPoint","urlTemplate":"https:\/\/staging.rockers.de\/?s={search_term_string}"},"query-input":{"@type":"PropertyValueSpecification","valueRequired":true,"valueName":"search_term_string"}}],"inLanguage":"en-US"},{"@type":"Organization","@id":"https:\/\/staging.rockers.de\/#organization","name":"[Staging] Rockers Records","url":"https:\/\/staging.rockers.de\/","logo":{"@type":"ImageObject","inLanguage":"en-US","@id":"https:\/\/staging.rockers.de\/#\/schema\/logo\/image\/","url":"https:\/\/staging.rockers.de\/wp-content\/uploads\/2022\/07\/Neue-Website-2022.jpg","contentUrl":"https:\/\/staging.rockers.de\/wp-content\/uploads\/2022\/07\/Neue-Website-2022.jpg","width":800,"height":800,"caption":"[Staging] Rockers Records"},"image":{"@id":"https:\/\/staging.rockers.de\/#\/schema\/logo\/image\/"}}]}},"_links":{"self":[{"href":"https:\/\/staging.rockers.de\/en\/wp-json\/wp\/v2\/product\/49440","targetHints":{"allow":["GET"]}}],"collection":[{"href":"https:\/\/staging.rockers.de\/en\/wp-json\/wp\/v2\/product"}],"about":[{"href":"https:\/\/staging.rockers.de\/en\/wp-json\/wp\/v2\/types\/product"}],"wp:featuredmedia":[{"embeddable":true,"href":"https:\/\/staging.rockers.de\/en\/wp-json\/wp\/v2\/media\/49441"}],"wp:attachment":[{"href":"https:\/\/staging.rockers.de\/en\/wp-json\/wp\/v2\/media?parent=49440"}],"wp:term":[{"taxonomy":"product_brand","embeddable":true,"href":"https:\/\/staging.rockers.de\/en\/wp-json\/wp\/v2\/product_brand?post=49440"},{"taxonomy":"product_cat","embeddable":true,"href":"https:\/\/staging.rockers.de\/en\/wp-json\/wp\/v2\/product_cat?post=49440"},{"taxonomy":"product_tag","embeddable":true,"href":"https:\/\/staging.rockers.de\/en\/wp-json\/wp\/v2\/product_tag?post=49440"}],"curies":[{"name":"wp","href":"https:\/\/api.w.org\/{rel}","templated":true}]}}