{"id":49523,"date":"2022-09-03T22:17:15","date_gmt":"2022-09-03T20:17:15","guid":{"rendered":"https:\/\/rockersstore.de\/record\/ute-wieners-sprengel-fuer-alle-buch\/"},"modified":"2026-01-23T11:23:46","modified_gmt":"2026-01-23T10:23:46","slug":"ute-wieners-sprengel-fuer-alle-buch","status":"publish","type":"product","link":"https:\/\/staging.rockers.de\/en\/record\/ute-wieners-sprengel-fuer-alle-buch\/","title":{"rendered":"Ute Wieners-Sprengel f\u00fcr alle-Buch"},"content":{"rendered":"<p>Im Sommer 1987 besetzen junge Leute Geb\u00e4ude der ehemaligen Schokoladenfabrik Sprengel in der Nordstadt von Hannover. Das Gel\u00e4nde wird zum Magneten f\u00fcr Menschen und Initiativen mit den unterschiedlichsten Motiven. Auch B\u00fcrgerInnen aus dem Stadtteil unterst\u00fctzen die BesetzerInnen. Bald hei\u00dft es: \u201eSprengel f\u00fcr alle\u201c. Denn alle sind willkommen. Der gemeinsame Kampf \u00fcber die \u00fcblichen gesellschaftlichen Schranken hinweg ist die St\u00e4rke der BesetzerInnen und gleichzeitig ihre gr\u00f6\u00dfte Herausforderung. Sie gehen ungew\u00f6hnliche Kooperationen ein, hecken grandiose Pl\u00e4ne und Aktionen aus und versuchen sich in improvisierten Bauma\u00dfnahmen. Doch wenn es gerade keine Konflikte mit Stadt, Staat und Polizei gibt, werden die Ressentiments untereinander zum Hauptinhalt. Mackertum und Sexismus, Drohungen und Angst bestimmen mehr und mehr den Alltag. Zudem steht das Sprengelgel\u00e4nde im Zentrum der Chaostage, die bundesweit und international Schlagzeilen machen. Schlie\u00dflich eskaliert der Konflikt zwischen zwei verfeindeten Gruppen, den PunkerInnen und den Autonomen. Sprengel f\u00fcr alle ist eine packend und witzig erz\u00e4hlte Kultur- und Politikgeschichte der 1980er und 1990er Jahre. Seinen Reiz entwickelt das Buch durch die radikal subjektive Perspektive einer ungew\u00f6hnlichen Erz\u00e4hlerin: Mit den Augen dieser ebenso eigensinnigen wie liebenswerten Einzelg\u00e4ngerin verfolgen die LeserInnen den Zusammensto\u00df verschiedener Str\u00f6mungen der Polit- und Jugendkulturen. Die angesprochenen Themen sind heute, in Zeiten von steigenden Mieten und Umstrukturierungen in den Stadtteilen, so aktuell wie damals.<\/p>","protected":false},"excerpt":{"rendered":"<p>Im Sommer 1987 besetzen junge Leute Geb\u00e4ude der ehemaligen Schokoladenfabrik Sprengel in der Nordstadt von Hannover. Das Gel\u00e4nde wird zum Magneten f\u00fcr Menschen und Initiativen mit den unterschiedlichsten Motiven. Auch B\u00fcrgerInnen aus dem Stadtteil unterst\u00fctzen die BesetzerInnen. Bald hei\u00dft es: \u201eSprengel f\u00fcr alle\u201c. Denn alle sind willkommen. Der gemeinsame Kampf \u00fcber die \u00fcblichen gesellschaftlichen Schranken hinweg ist die St\u00e4rke der BesetzerInnen und gleichzeitig ihre gr\u00f6\u00dfte Herausforderung. Sie gehen ungew\u00f6hnliche Kooperationen ein, hecken grandiose Pl\u00e4ne und Aktionen aus und versuchen sich in improvisierten Bauma\u00dfnahmen. Doch wenn es gerade keine Konflikte mit Stadt, Staat und Polizei gibt, werden die Ressentiments untereinander zum Hauptinhalt. Mackertum und Sexismus, Drohungen und Angst bestimmen mehr und mehr den Alltag. Zudem steht das Sprengelgel\u00e4nde im Zentrum der Chaostage, die bundesweit und international Schlagzeilen machen. Schlie\u00dflich eskaliert der Konflikt zwischen zwei verfeindeten Gruppen, den PunkerInnen und den Autonomen. Sprengel f\u00fcr alle ist eine packend und witzig erz\u00e4hlte Kultur- und Politikgeschichte der 1980er und 1990er Jahre. Seinen Reiz entwickelt das Buch durch die radikal subjektive Perspektive einer ungew\u00f6hnlichen Erz\u00e4hlerin: Mit den Augen dieser ebenso eigensinnigen wie liebenswerten Einzelg\u00e4ngerin verfolgen die LeserInnen den Zusammensto\u00df verschiedener Str\u00f6mungen der Polit- und Jugendkulturen. Die angesprochenen Themen sind heute, in Zeiten von steigenden Mieten und Umstrukturierungen in den Stadtteilen, so aktuell wie damals.<\/p>","protected":false},"featured_media":49524,"template":"","meta":{"_acf_changed":false},"product_brand":[],"product_cat":[538],"product_tag":[],"class_list":{"0":"post-49523","1":"product","2":"type-product","3":"status-publish","4":"has-post-thumbnail","6":"product_cat-punk-deutschland","7":"pa_att_artist-ute-wieners","8":"pa_att_format-buch","9":"pa_att_genre-punk-deutschland","10":"pa_att_label-edition-region-geschichte","11":"pa_att_land-germany","13":"first","14":"instock","15":"taxable","16":"shipping-taxable","17":"purchasable","18":"product-type-simple"},"acf":[],"yoast_head":"<!-- This site is optimized with the Yoast SEO plugin v27.0 - https:\/\/yoast.com\/product\/yoast-seo-wordpress\/ -->\n<title>Ute Wieners-Sprengel f\u00fcr alle-Buch - [Staging] Rockers Records<\/title>\n<meta name=\"robots\" content=\"index, follow, max-snippet:-1, max-image-preview:large, max-video-preview:-1\" \/>\n<link rel=\"canonical\" href=\"https:\/\/staging.rockers.de\/en\/record\/ute-wieners-sprengel-fuer-alle-buch\/\" \/>\n<meta property=\"og:locale\" content=\"en_US\" \/>\n<meta property=\"og:type\" content=\"article\" \/>\n<meta property=\"og:title\" content=\"Ute Wieners-Sprengel f\u00fcr alle-Buch - [Staging] Rockers Records\" \/>\n<meta property=\"og:description\" content=\"Im Sommer 1987 besetzen junge Leute Geb\u00e4ude der ehemaligen Schokoladenfabrik Sprengel in der Nordstadt von Hannover. Das Gel\u00e4nde wird zum Magneten f\u00fcr Menschen und Initiativen mit den unterschiedlichsten Motiven. Auch B\u00fcrgerInnen aus dem Stadtteil unterst\u00fctzen die BesetzerInnen. Bald hei\u00dft es: \u201eSprengel f\u00fcr alle\u201c. Denn alle sind willkommen. Der gemeinsame Kampf \u00fcber die \u00fcblichen gesellschaftlichen Schranken hinweg ist die St\u00e4rke der BesetzerInnen und gleichzeitig ihre gr\u00f6\u00dfte Herausforderung. Sie gehen ungew\u00f6hnliche Kooperationen ein, hecken grandiose Pl\u00e4ne und Aktionen aus und versuchen sich in improvisierten Bauma\u00dfnahmen. Doch wenn es gerade keine Konflikte mit Stadt, Staat und Polizei gibt, werden die Ressentiments untereinander zum Hauptinhalt. Mackertum und Sexismus, Drohungen und Angst bestimmen mehr und mehr den Alltag. Zudem steht das Sprengelgel\u00e4nde im Zentrum der Chaostage, die bundesweit und international Schlagzeilen machen. Schlie\u00dflich eskaliert der Konflikt zwischen zwei verfeindeten Gruppen, den PunkerInnen und den Autonomen. Sprengel f\u00fcr alle ist eine packend und witzig erz\u00e4hlte Kultur- und Politikgeschichte der 1980er und 1990er Jahre. Seinen Reiz entwickelt das Buch durch die radikal subjektive Perspektive einer ungew\u00f6hnlichen Erz\u00e4hlerin: Mit den Augen dieser ebenso eigensinnigen wie liebenswerten Einzelg\u00e4ngerin verfolgen die LeserInnen den Zusammensto\u00df verschiedener Str\u00f6mungen der Polit- und Jugendkulturen. Die angesprochenen Themen sind heute, in Zeiten von steigenden Mieten und Umstrukturierungen in den Stadtteilen, so aktuell wie damals.\" \/>\n<meta property=\"og:url\" content=\"https:\/\/staging.rockers.de\/en\/record\/ute-wieners-sprengel-fuer-alle-buch\/\" \/>\n<meta property=\"og:site_name\" content=\"[Staging] Rockers Records\" \/>\n<meta property=\"article:modified_time\" content=\"2026-01-23T10:23:46+00:00\" \/>\n<meta property=\"og:image\" content=\"https:\/\/staging.rockers.de\/wp-content\/uploads\/2022\/09\/Ute-Wieners-Sprengel-fuer-alle-Buch.jpg\" \/>\n\t<meta property=\"og:image:width\" content=\"1536\" \/>\n\t<meta property=\"og:image:height\" content=\"2355\" \/>\n\t<meta property=\"og:image:type\" content=\"image\/jpeg\" \/>\n<meta name=\"twitter:card\" content=\"summary_large_image\" \/>\n<meta name=\"twitter:label1\" content=\"Est. reading time\" \/>\n\t<meta name=\"twitter:data1\" content=\"2 minutes\" \/>\n<script type=\"application\/ld+json\" class=\"yoast-schema-graph\">{\"@context\":\"https:\/\/schema.org\",\"@graph\":[{\"@type\":\"WebPage\",\"@id\":\"https:\/\/staging.rockers.de\/record\/ute-wieners-sprengel-fuer-alle-buch\/\",\"url\":\"https:\/\/staging.rockers.de\/record\/ute-wieners-sprengel-fuer-alle-buch\/\",\"name\":\"Ute Wieners-Sprengel f\u00fcr alle-Buch - [Staging] Rockers Records\",\"isPartOf\":{\"@id\":\"https:\/\/staging.rockers.de\/#website\"},\"primaryImageOfPage\":{\"@id\":\"https:\/\/staging.rockers.de\/record\/ute-wieners-sprengel-fuer-alle-buch\/#primaryimage\"},\"image\":{\"@id\":\"https:\/\/staging.rockers.de\/record\/ute-wieners-sprengel-fuer-alle-buch\/#primaryimage\"},\"thumbnailUrl\":\"https:\/\/staging.rockers.de\/wp-content\/uploads\/2022\/09\/Ute-Wieners-Sprengel-fuer-alle-Buch.jpg\",\"datePublished\":\"2022-09-03T20:17:15+00:00\",\"dateModified\":\"2026-01-23T10:23:46+00:00\",\"breadcrumb\":{\"@id\":\"https:\/\/staging.rockers.de\/record\/ute-wieners-sprengel-fuer-alle-buch\/#breadcrumb\"},\"inLanguage\":\"en-US\",\"potentialAction\":[{\"@type\":\"ReadAction\",\"target\":[\"https:\/\/staging.rockers.de\/record\/ute-wieners-sprengel-fuer-alle-buch\/\"]}]},{\"@type\":\"ImageObject\",\"inLanguage\":\"en-US\",\"@id\":\"https:\/\/staging.rockers.de\/record\/ute-wieners-sprengel-fuer-alle-buch\/#primaryimage\",\"url\":\"https:\/\/staging.rockers.de\/wp-content\/uploads\/2022\/09\/Ute-Wieners-Sprengel-fuer-alle-Buch.jpg\",\"contentUrl\":\"https:\/\/staging.rockers.de\/wp-content\/uploads\/2022\/09\/Ute-Wieners-Sprengel-fuer-alle-Buch.jpg\",\"width\":1536,\"height\":2355,\"caption\":\"Ute Wieners-Sprengel f\u00fcr alle-Buch-01\"},{\"@type\":\"BreadcrumbList\",\"@id\":\"https:\/\/staging.rockers.de\/record\/ute-wieners-sprengel-fuer-alle-buch\/#breadcrumb\",\"itemListElement\":[{\"@type\":\"ListItem\",\"position\":1,\"name\":\"Startseite\",\"item\":\"https:\/\/staging.rockers.de\/\"},{\"@type\":\"ListItem\",\"position\":2,\"name\":\"Shop\",\"item\":\"https:\/\/staging.rockers.de\/shop\/\"},{\"@type\":\"ListItem\",\"position\":3,\"name\":\"Ute Wieners-Sprengel f\u00fcr alle-Buch\"}]},{\"@type\":\"WebSite\",\"@id\":\"https:\/\/staging.rockers.de\/#website\",\"url\":\"https:\/\/staging.rockers.de\/\",\"name\":\"[Staging] Rockers Records\",\"description\":\"Dein Schallplatten Store in Hannover\",\"publisher\":{\"@id\":\"https:\/\/staging.rockers.de\/#organization\"},\"potentialAction\":[{\"@type\":\"SearchAction\",\"target\":{\"@type\":\"EntryPoint\",\"urlTemplate\":\"https:\/\/staging.rockers.de\/?s={search_term_string}\"},\"query-input\":{\"@type\":\"PropertyValueSpecification\",\"valueRequired\":true,\"valueName\":\"search_term_string\"}}],\"inLanguage\":\"en-US\"},{\"@type\":\"Organization\",\"@id\":\"https:\/\/staging.rockers.de\/#organization\",\"name\":\"[Staging] Rockers Records\",\"url\":\"https:\/\/staging.rockers.de\/\",\"logo\":{\"@type\":\"ImageObject\",\"inLanguage\":\"en-US\",\"@id\":\"https:\/\/staging.rockers.de\/#\/schema\/logo\/image\/\",\"url\":\"https:\/\/staging.rockers.de\/wp-content\/uploads\/2022\/07\/Neue-Website-2022.jpg\",\"contentUrl\":\"https:\/\/staging.rockers.de\/wp-content\/uploads\/2022\/07\/Neue-Website-2022.jpg\",\"width\":800,\"height\":800,\"caption\":\"[Staging] Rockers Records\"},\"image\":{\"@id\":\"https:\/\/staging.rockers.de\/#\/schema\/logo\/image\/\"}}]}<\/script>\n<!-- \/ Yoast SEO plugin. -->","yoast_head_json":{"title":"Ute Wieners-Sprengel f\u00fcr alle-Buch - [Staging] Rockers Records","robots":{"index":"index","follow":"follow","max-snippet":"max-snippet:-1","max-image-preview":"max-image-preview:large","max-video-preview":"max-video-preview:-1"},"canonical":"https:\/\/staging.rockers.de\/en\/record\/ute-wieners-sprengel-fuer-alle-buch\/","og_locale":"en_US","og_type":"article","og_title":"Ute Wieners-Sprengel f\u00fcr alle-Buch - [Staging] Rockers Records","og_description":"Im Sommer 1987 besetzen junge Leute Geb\u00e4ude der ehemaligen Schokoladenfabrik Sprengel in der Nordstadt von Hannover. Das Gel\u00e4nde wird zum Magneten f\u00fcr Menschen und Initiativen mit den unterschiedlichsten Motiven. Auch B\u00fcrgerInnen aus dem Stadtteil unterst\u00fctzen die BesetzerInnen. Bald hei\u00dft es: \u201eSprengel f\u00fcr alle\u201c. Denn alle sind willkommen. Der gemeinsame Kampf \u00fcber die \u00fcblichen gesellschaftlichen Schranken hinweg ist die St\u00e4rke der BesetzerInnen und gleichzeitig ihre gr\u00f6\u00dfte Herausforderung. Sie gehen ungew\u00f6hnliche Kooperationen ein, hecken grandiose Pl\u00e4ne und Aktionen aus und versuchen sich in improvisierten Bauma\u00dfnahmen. Doch wenn es gerade keine Konflikte mit Stadt, Staat und Polizei gibt, werden die Ressentiments untereinander zum Hauptinhalt. Mackertum und Sexismus, Drohungen und Angst bestimmen mehr und mehr den Alltag. Zudem steht das Sprengelgel\u00e4nde im Zentrum der Chaostage, die bundesweit und international Schlagzeilen machen. Schlie\u00dflich eskaliert der Konflikt zwischen zwei verfeindeten Gruppen, den PunkerInnen und den Autonomen. Sprengel f\u00fcr alle ist eine packend und witzig erz\u00e4hlte Kultur- und Politikgeschichte der 1980er und 1990er Jahre. Seinen Reiz entwickelt das Buch durch die radikal subjektive Perspektive einer ungew\u00f6hnlichen Erz\u00e4hlerin: Mit den Augen dieser ebenso eigensinnigen wie liebenswerten Einzelg\u00e4ngerin verfolgen die LeserInnen den Zusammensto\u00df verschiedener Str\u00f6mungen der Polit- und Jugendkulturen. Die angesprochenen Themen sind heute, in Zeiten von steigenden Mieten und Umstrukturierungen in den Stadtteilen, so aktuell wie damals.","og_url":"https:\/\/staging.rockers.de\/en\/record\/ute-wieners-sprengel-fuer-alle-buch\/","og_site_name":"[Staging] Rockers Records","article_modified_time":"2026-01-23T10:23:46+00:00","og_image":[{"width":1536,"height":2355,"url":"https:\/\/staging.rockers.de\/wp-content\/uploads\/2022\/09\/Ute-Wieners-Sprengel-fuer-alle-Buch.jpg","type":"image\/jpeg"}],"twitter_card":"summary_large_image","twitter_misc":{"Est. reading time":"2 minutes"},"schema":{"@context":"https:\/\/schema.org","@graph":[{"@type":"WebPage","@id":"https:\/\/staging.rockers.de\/record\/ute-wieners-sprengel-fuer-alle-buch\/","url":"https:\/\/staging.rockers.de\/record\/ute-wieners-sprengel-fuer-alle-buch\/","name":"Ute Wieners-Sprengel f\u00fcr alle-Buch - [Staging] Rockers Records","isPartOf":{"@id":"https:\/\/staging.rockers.de\/#website"},"primaryImageOfPage":{"@id":"https:\/\/staging.rockers.de\/record\/ute-wieners-sprengel-fuer-alle-buch\/#primaryimage"},"image":{"@id":"https:\/\/staging.rockers.de\/record\/ute-wieners-sprengel-fuer-alle-buch\/#primaryimage"},"thumbnailUrl":"https:\/\/staging.rockers.de\/wp-content\/uploads\/2022\/09\/Ute-Wieners-Sprengel-fuer-alle-Buch.jpg","datePublished":"2022-09-03T20:17:15+00:00","dateModified":"2026-01-23T10:23:46+00:00","breadcrumb":{"@id":"https:\/\/staging.rockers.de\/record\/ute-wieners-sprengel-fuer-alle-buch\/#breadcrumb"},"inLanguage":"en-US","potentialAction":[{"@type":"ReadAction","target":["https:\/\/staging.rockers.de\/record\/ute-wieners-sprengel-fuer-alle-buch\/"]}]},{"@type":"ImageObject","inLanguage":"en-US","@id":"https:\/\/staging.rockers.de\/record\/ute-wieners-sprengel-fuer-alle-buch\/#primaryimage","url":"https:\/\/staging.rockers.de\/wp-content\/uploads\/2022\/09\/Ute-Wieners-Sprengel-fuer-alle-Buch.jpg","contentUrl":"https:\/\/staging.rockers.de\/wp-content\/uploads\/2022\/09\/Ute-Wieners-Sprengel-fuer-alle-Buch.jpg","width":1536,"height":2355,"caption":"Ute Wieners-Sprengel f\u00fcr alle-Buch-01"},{"@type":"BreadcrumbList","@id":"https:\/\/staging.rockers.de\/record\/ute-wieners-sprengel-fuer-alle-buch\/#breadcrumb","itemListElement":[{"@type":"ListItem","position":1,"name":"Startseite","item":"https:\/\/staging.rockers.de\/"},{"@type":"ListItem","position":2,"name":"Shop","item":"https:\/\/staging.rockers.de\/shop\/"},{"@type":"ListItem","position":3,"name":"Ute Wieners-Sprengel f\u00fcr alle-Buch"}]},{"@type":"WebSite","@id":"https:\/\/staging.rockers.de\/#website","url":"https:\/\/staging.rockers.de\/","name":"[Staging] Rockers Records","description":"Your record store in Hanover","publisher":{"@id":"https:\/\/staging.rockers.de\/#organization"},"potentialAction":[{"@type":"SearchAction","target":{"@type":"EntryPoint","urlTemplate":"https:\/\/staging.rockers.de\/?s={search_term_string}"},"query-input":{"@type":"PropertyValueSpecification","valueRequired":true,"valueName":"search_term_string"}}],"inLanguage":"en-US"},{"@type":"Organization","@id":"https:\/\/staging.rockers.de\/#organization","name":"[Staging] Rockers Records","url":"https:\/\/staging.rockers.de\/","logo":{"@type":"ImageObject","inLanguage":"en-US","@id":"https:\/\/staging.rockers.de\/#\/schema\/logo\/image\/","url":"https:\/\/staging.rockers.de\/wp-content\/uploads\/2022\/07\/Neue-Website-2022.jpg","contentUrl":"https:\/\/staging.rockers.de\/wp-content\/uploads\/2022\/07\/Neue-Website-2022.jpg","width":800,"height":800,"caption":"[Staging] Rockers Records"},"image":{"@id":"https:\/\/staging.rockers.de\/#\/schema\/logo\/image\/"}}]}},"_links":{"self":[{"href":"https:\/\/staging.rockers.de\/en\/wp-json\/wp\/v2\/product\/49523","targetHints":{"allow":["GET"]}}],"collection":[{"href":"https:\/\/staging.rockers.de\/en\/wp-json\/wp\/v2\/product"}],"about":[{"href":"https:\/\/staging.rockers.de\/en\/wp-json\/wp\/v2\/types\/product"}],"wp:featuredmedia":[{"embeddable":true,"href":"https:\/\/staging.rockers.de\/en\/wp-json\/wp\/v2\/media\/49524"}],"wp:attachment":[{"href":"https:\/\/staging.rockers.de\/en\/wp-json\/wp\/v2\/media?parent=49523"}],"wp:term":[{"taxonomy":"product_brand","embeddable":true,"href":"https:\/\/staging.rockers.de\/en\/wp-json\/wp\/v2\/product_brand?post=49523"},{"taxonomy":"product_cat","embeddable":true,"href":"https:\/\/staging.rockers.de\/en\/wp-json\/wp\/v2\/product_cat?post=49523"},{"taxonomy":"product_tag","embeddable":true,"href":"https:\/\/staging.rockers.de\/en\/wp-json\/wp\/v2\/product_tag?post=49523"}],"curies":[{"name":"wp","href":"https:\/\/api.w.org\/{rel}","templated":true}]}}